{"id":36,"date":"2020-12-18T04:29:53","date_gmt":"2020-12-18T04:29:53","guid":{"rendered":"http:\/\/localhost\/wp_demo_2\/?page_id=36"},"modified":"2024-03-22T07:52:20","modified_gmt":"2024-03-22T07:52:20","slug":"vprasanja","status":"publish","type":"page","link":"https:\/\/pasjidvor.net\/en\/vprasanja\/","title":{"rendered":"Pogosta vprasanja"},"content":{"rendered":"<div data-elementor-type=\"wp-page\" data-elementor-id=\"36\" class=\"elementor elementor-36\">\n\t\t\t\t\t\t<section class=\"elementor-section elementor-top-section elementor-element elementor-element-2cd5160 banner_breadcrumb elementor-section-boxed elementor-section-height-default elementor-section-height-default\" data-id=\"2cd5160\" data-element_type=\"section\" data-settings=\"{&quot;background_background&quot;:&quot;classic&quot;}\">\n\t\t\t\t\t\t<div class=\"elementor-container elementor-column-gap-default\">\n\t\t\t\t\t<div class=\"elementor-column elementor-col-100 elementor-top-column elementor-element elementor-element-469bd51\" data-id=\"469bd51\" data-element_type=\"column\">\n\t\t\t<div class=\"elementor-widget-wrap elementor-element-populated\">\n\t\t\t\t\t\t<div class=\"elementor-element elementor-element-202f740 page_title elementor-widget elementor-widget-elementskit-heading\" data-id=\"202f740\" data-element_type=\"widget\" data-widget_type=\"elementskit-heading.default\">\n\t\t\t\t<div class=\"elementor-widget-container\">\n\t\t\t\t\t<div class=\"ekit-wid-con\" ><div class=\"ekit-heading elementskit-section-title-wraper text_center   ekit_heading_tablet-   ekit_heading_mobile-\"><h1 class=\"ekit-heading--title elementskit-section-title\">FAQ<\/h1><\/div><\/div>\t\t\t\t<\/div>\n\t\t\t\t<\/div>\n\t\t\t\t\t<\/div>\n\t\t<\/div>\n\t\t\t\t\t<\/div>\n\t\t<\/section>\n\t\t\t\t<section class=\"elementor-section elementor-inner-section elementor-element elementor-element-180b3231 elementor-section-boxed elementor-section-height-default elementor-section-height-default\" data-id=\"180b3231\" data-element_type=\"section\" data-settings=\"{&quot;background_background&quot;:&quot;classic&quot;}\">\n\t\t\t\t\t\t\t<div class=\"elementor-background-overlay\"><\/div>\n\t\t\t\t\t\t\t<div class=\"elementor-container elementor-column-gap-default\">\n\t\t\t\t\t<div class=\"elementor-column elementor-col-100 elementor-inner-column elementor-element elementor-element-5900c1c3\" data-id=\"5900c1c3\" data-element_type=\"column\">\n\t\t\t<div class=\"elementor-widget-wrap elementor-element-populated\">\n\t\t\t\t\t\t<div class=\"elementor-element elementor-element-31be5e7a elementor-widget elementor-widget-elementskit-heading\" data-id=\"31be5e7a\" data-element_type=\"widget\" data-widget_type=\"elementskit-heading.default\">\n\t\t\t\t<div class=\"elementor-widget-container\">\n\t\t\t\t\t<div class=\"ekit-wid-con\" ><div class=\"ekit-heading elementskit-section-title-wraper text_center   ekit_heading_tablet-   ekit_heading_mobile-\"><h2 class=\"ekit-heading--title elementskit-section-title\">Frequently asked questions and answers about cleaning dogs' teeth without anesthesia<\/h2><\/div><\/div>\t\t\t\t<\/div>\n\t\t\t\t<\/div>\n\t\t\t\t\t<\/div>\n\t\t<\/div>\n\t\t\t\t\t<\/div>\n\t\t<\/section>\n\t\t\t\t<section class=\"elementor-section elementor-top-section elementor-element elementor-element-3f9a elementor-section-stretched faq_page elementor-section-boxed elementor-section-height-default elementor-section-height-default\" data-id=\"3f9a\" data-element_type=\"section\" id=\"xs_faq_6\" data-settings=\"{&quot;background_background&quot;:&quot;classic&quot;,&quot;stretch_section&quot;:&quot;section-stretched&quot;}\">\n\t\t\t\t\t\t<div class=\"elementor-container elementor-column-gap-no\">\n\t\t\t\t\t<div class=\"elementor-column elementor-col-100 elementor-top-column elementor-element elementor-element-24bc\" data-id=\"24bc\" data-element_type=\"column\">\n\t\t\t<div class=\"elementor-widget-wrap elementor-element-populated\">\n\t\t\t\t\t\t<div class=\"elementor-element elementor-element-89 elementor-widget__width-inherit elementor-invisible elementor-widget elementor-widget-elementskit-faq\" data-id=\"89\" data-element_type=\"widget\" data-settings=\"{&quot;_animation&quot;:&quot;fadeInUp&quot;}\" data-widget_type=\"elementskit-faq.default\">\n\t\t\t\t<div class=\"elementor-widget-container\">\n\t\t\t\t\t<div class=\"ekit-wid-con\" >\n                <div class=\"elementskit-single-faq elementor-repeater-item-933ec5b\">\n            <div class=\"elementskit-faq-header\">\n                <h2 class=\"elementskit-faq-title\">Is your method suitable for our dog?<\/h2>\n            <\/div>\n            <div class=\"elementskit-faq-body\">\n                Our RZ method is suitable for all types of dogs that do not yet have severe dental diseases.            <\/div>\n        <\/div>\n                <div class=\"elementskit-single-faq elementor-repeater-item-b2cc0e1\">\n            <div class=\"elementskit-faq-header\">\n                <h2 class=\"elementskit-faq-title\">How long does it take to clean teeth without anesthesia?<\/h2>\n            <\/div>\n            <div class=\"elementskit-faq-body\">\n                To clean your teeth according to our method, one visit is usually enough, lasting about an hour.            <\/div>\n        <\/div>\n                <div class=\"elementskit-single-faq elementor-repeater-item-83f844a\">\n            <div class=\"elementskit-faq-header\">\n                <h2 class=\"elementskit-faq-title\">How do you get the dog to remain still during the procedure?<\/h2>\n            <\/div>\n            <div class=\"elementskit-faq-body\">\n                Dogs are as calm as the person performing a certain task has the conditions and knowledge.            <\/div>\n        <\/div>\n                <div class=\"elementskit-single-faq elementor-repeater-item-b5b166a\">\n            <div class=\"elementskit-faq-header\">\n                <h2 class=\"elementskit-faq-title\">Does cleaning teeth without anesthesia cause pain in dogs?<\/h2>\n            <\/div>\n            <div class=\"elementskit-faq-body\">\n                Our method is natural and non-invasive, so it does not cause any pain to dogs.            <\/div>\n        <\/div>\n                <div class=\"elementskit-single-faq elementor-repeater-item-32d62a4\">\n            <div class=\"elementskit-faq-header\">\n                <h2 class=\"elementskit-faq-title\">Can caregivers be present during dog teeth cleaning?<\/h2>\n            <\/div>\n            <div class=\"elementskit-faq-body\">\n                Anyone can be present during teeth cleaning, if it is estimated that this will benefit the procedure.            <\/div>\n        <\/div>\n                <div class=\"elementskit-single-faq elementor-repeater-item-1dd68ca\">\n            <div class=\"elementskit-faq-header\">\n                <h2 class=\"elementskit-faq-title\">What if you discover major illnesses or if a tooth needs to be extracted?<\/h2>\n            <\/div>\n            <div class=\"elementskit-faq-body\">\n                If the condition of the teeth is very bad, compromises are possible only when the veterinarian advises against narcosis.            <\/div>\n        <\/div>\n                <div class=\"elementskit-single-faq elementor-repeater-item-017449b\">\n            <div class=\"elementskit-faq-header\">\n                <h2 class=\"elementskit-faq-title\">What are the results of your method compared to cleaning teeth under anesthesia?<\/h2>\n            <\/div>\n            <div class=\"elementskit-faq-body\">\n                Our RZ method provides the same or even better results for all suitable candidates.            <\/div>\n        <\/div>\n                \n    <\/div>\t\t\t\t<\/div>\n\t\t\t\t<\/div>\n\t\t<div class=\"elementor-element elementor-element-8a79f55 e-flex e-con-boxed e-con e-parent\" data-id=\"8a79f55\" data-element_type=\"container\">\n\t\t\t\t\t<div class=\"e-con-inner\">\n\t\t\t\t\t<\/div>\n\t\t\t\t<\/div>\n\t\t\t\t\t<\/div>\n\t\t<\/div>\n\t\t\t\t\t<\/div>\n\t\t<\/section>\n\t\t\t\t<section class=\"elementor-section elementor-top-section elementor-element elementor-element-39d76526 elementor-section-boxed elementor-section-height-default elementor-section-height-default\" data-id=\"39d76526\" data-element_type=\"section\">\n\t\t\t\t\t\t<div class=\"elementor-container elementor-column-gap-default\">\n\t\t\t\t\t<div class=\"elementor-column elementor-col-100 elementor-top-column elementor-element elementor-element-1bdbc0a3\" data-id=\"1bdbc0a3\" data-element_type=\"column\">\n\t\t\t<div class=\"elementor-widget-wrap elementor-element-populated\">\n\t\t\t\t\t\t<div class=\"elementor-element elementor-element-10cbfd14 elementor-widget elementor-widget-spacer\" data-id=\"10cbfd14\" data-element_type=\"widget\" data-widget_type=\"spacer.default\">\n\t\t\t\t<div class=\"elementor-widget-container\">\n\t\t\t\t\t\t\t<div class=\"elementor-spacer\">\n\t\t\t<div class=\"elementor-spacer-inner\"><\/div>\n\t\t<\/div>\n\t\t\t\t\t\t<\/div>\n\t\t\t\t<\/div>\n\t\t\t\t\t<\/div>\n\t\t<\/div>\n\t\t\t\t\t<\/div>\n\t\t<\/section>\n\t\t\t\t<\/div>","protected":false},"excerpt":{"rendered":"<p>Pogosta vpra\u0161anja Pogosta vpra\u0161anja in odgovori o \u010di\u0161\u010denju pasjih zob brez narkoze Ali je va\u0161a metoda primerna za na\u0161ega psa? Na\u0161a RZ metoda je primerna za vse vrste psov, ki \u0161e nimajo hudih zobnih obolenj. Koliko \u010dasa traja \u010di\u0161\u010denje zob brez narkoze? Za \u010di\u0161\u010denje zob po na\u0161i metodi je obi\u010dajno dovolj en obisk, ki traja&hellip; <a class=\"more-link\" href=\"https:\/\/pasjidvor.net\/en\/vprasanja\/\">Continue reading <span class=\"screen-reader-text\">Pogosta vprasanja<\/span><\/a><\/p>","protected":false},"author":1,"featured_media":0,"parent":0,"menu_order":0,"comment_status":"closed","ping_status":"closed","template":"elementor_header_footer","meta":{"om_disable_all_campaigns":false,"_monsterinsights_skip_tracking":false,"_monsterinsights_sitenote_active":false,"_monsterinsights_sitenote_note":"","_monsterinsights_sitenote_category":0,"_uf_show_specific_survey":0,"_uf_disable_surveys":false,"footnotes":""},"class_list":["post-36","page","type-page","status-publish","hentry","entry"],"aioseo_notices":[],"_links":{"self":[{"href":"https:\/\/pasjidvor.net\/en\/wp-json\/wp\/v2\/pages\/36","targetHints":{"allow":["GET"]}}],"collection":[{"href":"https:\/\/pasjidvor.net\/en\/wp-json\/wp\/v2\/pages"}],"about":[{"href":"https:\/\/pasjidvor.net\/en\/wp-json\/wp\/v2\/types\/page"}],"author":[{"embeddable":true,"href":"https:\/\/pasjidvor.net\/en\/wp-json\/wp\/v2\/users\/1"}],"replies":[{"embeddable":true,"href":"https:\/\/pasjidvor.net\/en\/wp-json\/wp\/v2\/comments?post=36"}],"version-history":[{"count":22,"href":"https:\/\/pasjidvor.net\/en\/wp-json\/wp\/v2\/pages\/36\/revisions"}],"predecessor-version":[{"id":14856,"href":"https:\/\/pasjidvor.net\/en\/wp-json\/wp\/v2\/pages\/36\/revisions\/14856"}],"wp:attachment":[{"href":"https:\/\/pasjidvor.net\/en\/wp-json\/wp\/v2\/media?parent=36"}],"curies":[{"name":"wp","href":"https:\/\/api.w.org\/{rel}","templated":true}]}}