{"id":1586,"date":"2020-12-21T10:30:57","date_gmt":"2020-12-21T10:30:57","guid":{"rendered":"http:\/\/localhost\/wp_demo_2\/?page_id=1586"},"modified":"2025-03-20T11:01:46","modified_gmt":"2025-03-20T11:01:46","slug":"cenik","status":"publish","type":"page","link":"https:\/\/pasjidvor.net\/en\/cenik\/","title":{"rendered":"Price list"},"content":{"rendered":"<div data-elementor-type=\"wp-page\" data-elementor-id=\"1586\" class=\"elementor elementor-1586\">\n\t\t\t\t\t\t<section class=\"elementor-section elementor-top-section elementor-element elementor-element-591af60 banner_breadcrumb elementor-section-boxed elementor-section-height-default elementor-section-height-default\" data-id=\"591af60\" data-element_type=\"section\" data-settings=\"{&quot;background_background&quot;:&quot;classic&quot;}\">\n\t\t\t\t\t\t<div class=\"elementor-container elementor-column-gap-default\">\n\t\t\t\t\t<div class=\"elementor-column elementor-col-100 elementor-top-column elementor-element elementor-element-9789970\" data-id=\"9789970\" data-element_type=\"column\">\n\t\t\t<div class=\"elementor-widget-wrap elementor-element-populated\">\n\t\t\t\t\t\t<div class=\"elementor-element elementor-element-2fcf5ab page_title elementor-widget elementor-widget-elementskit-heading\" data-id=\"2fcf5ab\" data-element_type=\"widget\" data-widget_type=\"elementskit-heading.default\">\n\t\t\t\t<div class=\"elementor-widget-container\">\n\t\t\t\t\t<div class=\"ekit-wid-con\" ><div class=\"ekit-heading elementskit-section-title-wraper text_center   ekit_heading_tablet-   ekit_heading_mobile-\"><h1 class=\"ekit-heading--title elementskit-section-title\">Price list<\/h1><\/div><\/div>\t\t\t\t<\/div>\n\t\t\t\t<\/div>\n\t\t\t\t\t<\/div>\n\t\t<\/div>\n\t\t\t\t\t<\/div>\n\t\t<\/section>\n\t\t\t\t<section class=\"elementor-section elementor-top-section elementor-element elementor-element-28dc787f elementor-section-boxed elementor-section-height-default elementor-section-height-default\" data-id=\"28dc787f\" data-element_type=\"section\">\n\t\t\t\t\t\t<div class=\"elementor-container elementor-column-gap-default\">\n\t\t\t\t\t<div class=\"elementor-column elementor-col-100 elementor-top-column elementor-element elementor-element-76ec0ea3\" data-id=\"76ec0ea3\" data-element_type=\"column\">\n\t\t\t<div class=\"elementor-widget-wrap elementor-element-populated\">\n\t\t\t\t\t\t<div class=\"elementor-element elementor-element-24b3b328 elementor-widget elementor-widget-spacer\" data-id=\"24b3b328\" data-element_type=\"widget\" data-widget_type=\"spacer.default\">\n\t\t\t\t<div class=\"elementor-widget-container\">\n\t\t\t\t\t\t\t<div class=\"elementor-spacer\">\n\t\t\t<div class=\"elementor-spacer-inner\"><\/div>\n\t\t<\/div>\n\t\t\t\t\t\t<\/div>\n\t\t\t\t<\/div>\n\t\t\t\t\t<\/div>\n\t\t<\/div>\n\t\t\t\t\t<\/div>\n\t\t<\/section>\n\t\t\t\t<section class=\"elementor-section elementor-top-section elementor-element elementor-element-487ccef7 elementor-section-boxed elementor-section-height-default elementor-section-height-default\" data-id=\"487ccef7\" data-element_type=\"section\">\n\t\t\t\t\t\t<div class=\"elementor-container elementor-column-gap-default\">\n\t\t\t\t\t<div class=\"elementor-column elementor-col-100 elementor-top-column elementor-element elementor-element-368d9ed6\" data-id=\"368d9ed6\" data-element_type=\"column\">\n\t\t\t<div class=\"elementor-widget-wrap elementor-element-populated\">\n\t\t\t\t\t\t<div class=\"elementor-element elementor-element-61361491 elementor-widget elementor-widget-spacer\" data-id=\"61361491\" data-element_type=\"widget\" data-widget_type=\"spacer.default\">\n\t\t\t\t<div class=\"elementor-widget-container\">\n\t\t\t\t\t\t\t<div class=\"elementor-spacer\">\n\t\t\t<div class=\"elementor-spacer-inner\"><\/div>\n\t\t<\/div>\n\t\t\t\t\t\t<\/div>\n\t\t\t\t<\/div>\n\t\t\t\t<div class=\"elementor-element elementor-element-5a12a8a6 elementor-invisible elementor-widget elementor-widget-heading\" data-id=\"5a12a8a6\" data-element_type=\"widget\" data-settings=\"{&quot;_animation&quot;:&quot;fadeInUp&quot;}\" data-widget_type=\"heading.default\">\n\t\t\t\t<div class=\"elementor-widget-container\">\n\t\t\t\t\t<h2 class=\"elementor-heading-title elementor-size-default\">PRICE LIST - DOG TEETH CLEANING WITHOUT ANESTHESIA<\/h2>\t\t\t\t<\/div>\n\t\t\t\t<\/div>\n\t\t\t\t<div class=\"elementor-element elementor-element-6d348b9f elementor-invisible elementor-widget elementor-widget-text-editor\" data-id=\"6d348b9f\" data-element_type=\"widget\" data-settings=\"{&quot;_animation&quot;:&quot;fadeInUp&quot;}\" data-widget_type=\"text-editor.default\">\n\t\t\t\t<div class=\"elementor-widget-container\">\n\t\t\t\t\t\t\t\t\t<p>Tartar cleaning in dogs with our natural RZ method is carried out only in our center. The method is primarily intended for regular prevention, care and hygiene of dog teeth. Our treatments are non-veterinary and non-invasive, so they are not intended for the treatment of major dental diseases.<\/p><p>Dog teeth examinations are performed without X-ray. Our method only allows the removal of all visible plaque without anesthesia and without chemicals. Dental plaque can also be located under the gums, which are not removed with our method, so in case of major diseases, we advise you to visit a veterinary clinic.<\/p><p>Examinations, visits and advice are free of charge, and the price of the treatment depends primarily on the amount of visible plaque.<\/p>\t\t\t\t\t\t\t\t<\/div>\n\t\t\t\t<\/div>\n\t\t\t\t<div class=\"elementor-element elementor-element-942a196 elementor-widget elementor-widget-shortcode\" data-id=\"942a196\" data-element_type=\"widget\" data-widget_type=\"shortcode.default\">\n\t\t\t\t<div class=\"elementor-widget-container\">\n\t\t\t\t\t\t\t<div class=\"elementor-shortcode\"><div id=\"footable_parent_14815\"\n         class=\"footable_parent ninja_table_wrapper loading_ninja_table wp_table_data_press_parent semantic_ui\">\n                    <h3 class=\"table_title footable_title\"><\/h3>\n                        <table data-ninja_table_instance=\"ninja_table_instance_0\" data-footable_id=\"14815\" data-filter-delay=\"1000\"            id=\"footable_14815\"\n           data-unique_identifier=\"ninja_table_unique_id_2503971521_14815\"\n           class=\"foo-table ninja_footable foo_table_14815 ninja_table_unique_id_2503971521_14815 ui table  nt_type_ajax_table selectable compact vertical_centered  footable-paging-right ninja_table_search_disabled\">\n                <colgroup>\n                            <col class=\"ninja_column_0\">\n                            <col class=\"ninja_column_1\">\n                            <col class=\"ninja_column_2\">\n                    <\/colgroup>\n            <\/table>\n    \n    \n    \n<\/div>\n<\/div>\n\t\t\t\t\t\t<\/div>\n\t\t\t\t<\/div>\n\t\t\t\t<div class=\"elementor-element elementor-element-d3bfdff elementor-invisible elementor-widget elementor-widget-text-editor\" data-id=\"d3bfdff\" data-element_type=\"widget\" data-settings=\"{&quot;_animation&quot;:&quot;fadeInUp&quot;}\" data-widget_type=\"text-editor.default\">\n\t\t\t\t<div class=\"elementor-widget-container\">\n\t\t\t\t\t\t\t\t\t<p>The prices in the price list are final without VAT, because we are not tax payers.<\/p><p>The price list is valid from 16.1.2025<\/p>\t\t\t\t\t\t\t\t<\/div>\n\t\t\t\t<\/div>\n\t\t\t\t<div class=\"elementor-element elementor-element-76d887c5 elementor-widget__width-initial elementor-widget elementor-widget-spacer\" data-id=\"76d887c5\" data-element_type=\"widget\" data-widget_type=\"spacer.default\">\n\t\t\t\t<div class=\"elementor-widget-container\">\n\t\t\t\t\t\t\t<div class=\"elementor-spacer\">\n\t\t\t<div class=\"elementor-spacer-inner\"><\/div>\n\t\t<\/div>\n\t\t\t\t\t\t<\/div>\n\t\t\t\t<\/div>\n\t\t\t\t<div class=\"elementor-element elementor-element-43a2754a elementor-widget elementor-widget-spacer\" data-id=\"43a2754a\" data-element_type=\"widget\" data-widget_type=\"spacer.default\">\n\t\t\t\t<div class=\"elementor-widget-container\">\n\t\t\t\t\t\t\t<div class=\"elementor-spacer\">\n\t\t\t<div class=\"elementor-spacer-inner\"><\/div>\n\t\t<\/div>\n\t\t\t\t\t\t<\/div>\n\t\t\t\t<\/div>\n\t\t\t\t\t<\/div>\n\t\t<\/div>\n\t\t\t\t\t<\/div>\n\t\t<\/section>\n\t\t<div class=\"elementor-element elementor-element-2921c07f e-flex e-con-boxed e-con e-parent\" data-id=\"2921c07f\" data-element_type=\"container\">\n\t\t\t\t\t<div class=\"e-con-inner\">\n\t\t\t\t<div class=\"elementor-element elementor-element-677bc822 elementor-widget elementor-widget-text-editor\" data-id=\"677bc822\" data-element_type=\"widget\" data-widget_type=\"text-editor.default\">\n\t\t\t\t<div class=\"elementor-widget-container\">\n\t\t\t\t\t\t\t\t\t<h4><strong>WARNING<\/strong><\/h4><p>Our method of cleaning dog teeth is non-invasive and purely cosmetic, so plaque and bacteria can also be hidden under the gums and cannot be seen without an X-ray. The methods, opinions and advice from the Pasji Dvor Centre do not constitute an official medical-veterinary treatment. In case of suspicion of major health problems of your dog, we recommend visiting a veterinary clinic and consulting a veterinarian. Dog teeth cleanings under anesthesia in veterinary clinics are the only ones that provide complete treatment for dogs that already have major dental diseases. We do not offer veterinary services and do not treat diseases, so timely removal of visible plaque is crucial for the effectiveness of our method!<\/p>\t\t\t\t\t\t\t\t<\/div>\n\t\t\t\t<\/div>\n\t\t\t\t\t<\/div>\n\t\t\t\t<\/div>\n\t\t\t\t<section class=\"elementor-section elementor-top-section elementor-element elementor-element-a0ba04b elementor-section-boxed elementor-section-height-default elementor-section-height-default\" data-id=\"a0ba04b\" data-element_type=\"section\">\n\t\t\t\t\t\t<div class=\"elementor-container elementor-column-gap-default\">\n\t\t\t\t\t<div class=\"elementor-column elementor-col-100 elementor-top-column elementor-element elementor-element-998a337\" data-id=\"998a337\" data-element_type=\"column\">\n\t\t\t<div class=\"elementor-widget-wrap elementor-element-populated\">\n\t\t\t\t\t\t<div class=\"elementor-element elementor-element-2da00c2 elementor-widget elementor-widget-spacer\" data-id=\"2da00c2\" data-element_type=\"widget\" data-widget_type=\"spacer.default\">\n\t\t\t\t<div class=\"elementor-widget-container\">\n\t\t\t\t\t\t\t<div class=\"elementor-spacer\">\n\t\t\t<div class=\"elementor-spacer-inner\"><\/div>\n\t\t<\/div>\n\t\t\t\t\t\t<\/div>\n\t\t\t\t<\/div>\n\t\t\t\t<div class=\"elementor-element elementor-element-c3cd554 elementor-widget__width-initial elementor-widget elementor-widget-spacer\" data-id=\"c3cd554\" data-element_type=\"widget\" data-widget_type=\"spacer.default\">\n\t\t\t\t<div class=\"elementor-widget-container\">\n\t\t\t\t\t\t\t<div class=\"elementor-spacer\">\n\t\t\t<div class=\"elementor-spacer-inner\"><\/div>\n\t\t<\/div>\n\t\t\t\t\t\t<\/div>\n\t\t\t\t<\/div>\n\t\t\t\t<div class=\"elementor-element elementor-element-9ac87a2 elementor-invisible elementor-widget elementor-widget-heading\" data-id=\"9ac87a2\" data-element_type=\"widget\" data-settings=\"{&quot;_animation&quot;:&quot;fadeInUp&quot;}\" data-widget_type=\"heading.default\">\n\t\t\t\t<div class=\"elementor-widget-container\">\n\t\t\t\t\t<h2 class=\"elementor-heading-title elementor-size-default\">DODATNE STORITVE<\/h2>\t\t\t\t<\/div>\n\t\t\t\t<\/div>\n\t\t<div class=\"elementor-element elementor-element-37807cd e-flex e-con-boxed e-con e-parent\" data-id=\"37807cd\" data-element_type=\"container\" data-settings=\"{&quot;background_background&quot;:&quot;classic&quot;}\">\n\t\t\t\t\t<div class=\"e-con-inner\">\n\t\t\t\t<div class=\"elementor-element elementor-element-e528a89 elementor-invisible elementor-widget elementor-widget-text-editor\" data-id=\"e528a89\" data-element_type=\"widget\" data-settings=\"{&quot;_animation&quot;:&quot;fadeInDown&quot;}\" data-widget_type=\"text-editor.default\">\n\t\t\t\t<div class=\"elementor-widget-container\">\n\t\t\t\t\t\t\t\t\t<p>Claw care: 10 EUR<\/p><p>Emptying of the paraanal glands: 10 EUR<\/p><p>Ear care: 10 EUR<\/p>\t\t\t\t\t\t\t\t<\/div>\n\t\t\t\t<\/div>\n\t\t\t\t\t<\/div>\n\t\t\t\t<\/div>\n\t\t\t\t<div class=\"elementor-element elementor-element-3801e7d elementor-widget elementor-widget-spacer\" data-id=\"3801e7d\" data-element_type=\"widget\" data-widget_type=\"spacer.default\">\n\t\t\t\t<div class=\"elementor-widget-container\">\n\t\t\t\t\t\t\t<div class=\"elementor-spacer\">\n\t\t\t<div class=\"elementor-spacer-inner\"><\/div>\n\t\t<\/div>\n\t\t\t\t\t\t<\/div>\n\t\t\t\t<\/div>\n\t\t\t\t\t<\/div>\n\t\t<\/div>\n\t\t\t\t\t<\/div>\n\t\t<\/section>\n\t\t\t\t<section class=\"elementor-section elementor-top-section elementor-element elementor-element-3350223 elementor-section-boxed elementor-section-height-default elementor-section-height-default\" data-id=\"3350223\" data-element_type=\"section\" data-settings=\"{&quot;background_background&quot;:&quot;classic&quot;}\">\n\t\t\t\t\t\t<div class=\"elementor-container elementor-column-gap-default\">\n\t\t\t\t\t<div class=\"elementor-column elementor-col-100 elementor-top-column elementor-element elementor-element-b2fe1f7\" data-id=\"b2fe1f7\" data-element_type=\"column\">\n\t\t\t<div class=\"elementor-widget-wrap elementor-element-populated\">\n\t\t\t\t\t\t<div class=\"elementor-element elementor-element-b57f266 elementor-widget elementor-widget-spacer\" data-id=\"b57f266\" data-element_type=\"widget\" data-widget_type=\"spacer.default\">\n\t\t\t\t<div class=\"elementor-widget-container\">\n\t\t\t\t\t\t\t<div class=\"elementor-spacer\">\n\t\t\t<div class=\"elementor-spacer-inner\"><\/div>\n\t\t<\/div>\n\t\t\t\t\t\t<\/div>\n\t\t\t\t<\/div>\n\t\t\t\t<div class=\"elementor-element elementor-element-ecb9cb1 elementor-invisible elementor-widget elementor-widget-heading\" data-id=\"ecb9cb1\" data-element_type=\"widget\" data-settings=\"{&quot;_animation&quot;:&quot;fadeInUp&quot;}\" data-widget_type=\"heading.default\">\n\t\t\t\t<div class=\"elementor-widget-container\">\n\t\t\t\t\t<h2 class=\"elementor-heading-title elementor-size-default\">Important information<\/h2>\t\t\t\t<\/div>\n\t\t\t\t<\/div>\n\t\t\t\t<div class=\"elementor-element elementor-element-6d75c3c elementor-invisible elementor-widget elementor-widget-text-editor\" data-id=\"6d75c3c\" data-element_type=\"widget\" data-settings=\"{&quot;_animation&quot;:&quot;fadeInUp&quot;}\" data-widget_type=\"text-editor.default\">\n\t\t\t\t<div class=\"elementor-widget-container\">\n\t\t\t\t\t\t\t\t\t<p>Natural cleaning of dogs' teeth is carried out using our own procedure, which is non-invasive and painless. The procedure is performed only without the use of anesthesia or sedatives.<\/p><p>The approximate price of dental care can be determined during an examination of the dog's teeth and depends mainly on the condition of the teeth, which represents the amount of work. The price can also be influenced by other factors, especially the general condition of the dog and the time spent.<\/p><p>Treatment of dog teeth may include preventive, non-invasive cleaning of plaque, removal of tartar and gum care.<\/p><p>Only the cleaning of the dog's teeth usually takes less than an hour, and the entire visit to the dog can take from 60 to 100 minutes. We take as much time as necessary for each dog.<\/p>\t\t\t\t\t\t\t\t<\/div>\n\t\t\t\t<\/div>\n\t\t\t\t<div class=\"elementor-element elementor-element-b5f54b1 elementor-widget elementor-widget-spacer\" data-id=\"b5f54b1\" data-element_type=\"widget\" data-widget_type=\"spacer.default\">\n\t\t\t\t<div class=\"elementor-widget-container\">\n\t\t\t\t\t\t\t<div class=\"elementor-spacer\">\n\t\t\t<div class=\"elementor-spacer-inner\"><\/div>\n\t\t<\/div>\n\t\t\t\t\t\t<\/div>\n\t\t\t\t<\/div>\n\t\t\t\t<div class=\"elementor-element elementor-element-9d9cba8 elementor-invisible elementor-widget elementor-widget-heading\" data-id=\"9d9cba8\" data-element_type=\"widget\" data-settings=\"{&quot;_animation&quot;:&quot;fadeInUp&quot;}\" data-widget_type=\"heading.default\">\n\t\t\t\t<div class=\"elementor-widget-container\">\n\t\t\t\t\t<h2 class=\"elementor-heading-title elementor-size-default\">BEFORE ARRIVAL<\/h2>\t\t\t\t<\/div>\n\t\t\t\t<\/div>\n\t\t\t\t<div class=\"elementor-element elementor-element-17e2547 elementor-invisible elementor-widget elementor-widget-text-editor\" data-id=\"17e2547\" data-element_type=\"widget\" data-settings=\"{&quot;_animation&quot;:&quot;fadeInUp&quot;}\" data-widget_type=\"text-editor.default\">\n\t\t\t\t<div class=\"elementor-widget-container\">\n\t\t\t\t\t\t\t\t\t<p>BEFORE ARRIVAL<br \/>It is reccomended that the dog has as little hair as possible on arrival. It should be clean and please arrives as punctually as possible at the agreed time. In case of changes please let us know in a timely manner.<\/p><p>We usually don't need a guardian to work with a dog, and the service is usually done faster this way. The presence of a caregiver during teeth cleaning is of course possible, but only if we follow our instructions. If we judge that the guardian or the dog is not suitable for the high-quality performance of our services, we can also refuse them.<\/p><p>Fleas cannot enter our center!<\/p><p>We accept reservations every day from Monday to Sunday between 10 a.m. and 8 p.m. by mobile phone:<br \/>+386 40 550 754<br \/>...(to be up-to-date, it is best to call), you can also via SMS messages or the VIBER application. To make a reservation, we need at least your last name, first name, type and age of the puppy.<\/p>\t\t\t\t\t\t\t\t<\/div>\n\t\t\t\t<\/div>\n\t\t\t\t\t<\/div>\n\t\t<\/div>\n\t\t\t\t\t<\/div>\n\t\t<\/section>\n\t\t<div class=\"elementor-element elementor-element-3af85cfe e-flex e-con-boxed e-con e-parent\" data-id=\"3af85cfe\" data-element_type=\"container\">\n\t\t\t\t\t<div class=\"e-con-inner\">\n\t\t\t\t\t<\/div>\n\t\t\t\t<\/div>\n\t\t<div class=\"elementor-element elementor-element-352ccbd3 e-con-full e-flex e-con e-parent\" data-id=\"352ccbd3\" data-element_type=\"container\" data-settings=\"{&quot;background_background&quot;:&quot;classic&quot;}\">\n\t\t\t\t<div class=\"elementor-element elementor-element-129d8e24 elementor-widget elementor-widget-heading\" data-id=\"129d8e24\" data-element_type=\"widget\" data-widget_type=\"heading.default\">\n\t\t\t\t<div class=\"elementor-widget-container\">\n\t\t\t\t\t<h2 class=\"elementor-heading-title elementor-size-default\">We accept reservations every day from Monday to Sunday between 10 a.m. and 8 p.m<\/h2>\t\t\t\t<\/div>\n\t\t\t\t<\/div>\n\t\t\t\t<\/div>\n\t\t<div class=\"elementor-element elementor-element-1a138024 e-flex e-con-boxed e-con e-parent\" data-id=\"1a138024\" data-element_type=\"container\">\n\t\t\t\t\t<div class=\"e-con-inner\">\n\t\t\t\t\t<\/div>\n\t\t\t\t<\/div>\n\t\t\t\t<section class=\"elementor-section elementor-top-section elementor-element elementor-element-7d2d5060 elementor-section-full_width about_bnr_contact elementor-section-height-default elementor-section-height-default elementor-invisible\" data-id=\"7d2d5060\" data-element_type=\"section\" data-settings=\"{&quot;animation&quot;:&quot;fadeInUp&quot;,&quot;background_background&quot;:&quot;gradient&quot;}\">\n\t\t\t\t\t\t<div class=\"elementor-container elementor-column-gap-default\">\n\t\t\t\t\t<div class=\"elementor-column elementor-col-100 elementor-top-column elementor-element elementor-element-3a5fd0f9\" data-id=\"3a5fd0f9\" data-element_type=\"column\">\n\t\t\t<div class=\"elementor-widget-wrap elementor-element-populated\">\n\t\t\t\t\t\t<section class=\"elementor-section elementor-inner-section elementor-element elementor-element-19f4a00a elementor-section-full_width elementor-section-height-default elementor-section-height-default\" data-id=\"19f4a00a\" data-element_type=\"section\" data-settings=\"{&quot;background_background&quot;:&quot;classic&quot;}\">\n\t\t\t\t\t\t<div class=\"elementor-container elementor-column-gap-default\">\n\t\t\t\t\t<div class=\"elementor-column elementor-col-100 elementor-inner-column elementor-element elementor-element-2372654f\" data-id=\"2372654f\" data-element_type=\"column\">\n\t\t\t<div class=\"elementor-widget-wrap elementor-element-populated\">\n\t\t\t\t\t\t<div class=\"elementor-element elementor-element-1eb211b3 elementor-widget elementor-widget-elementskit-heading\" data-id=\"1eb211b3\" data-element_type=\"widget\" data-widget_type=\"elementskit-heading.default\">\n\t\t\t\t<div class=\"elementor-widget-container\">\n\t\t\t\t\t<div class=\"ekit-wid-con\" ><div class=\"ekit-heading elementskit-section-title-wraper center   ekit_heading_tablet-   ekit_heading_mobile-\"><h2 class=\"ekit-heading--title elementskit-section-title\">Contact us<\/h2>\t\t\t\t<div class='ekit-heading__description'>\n\t\t\t\t\t<p>+386 40 550 754<\/p>\n<p>(to be up-to-date, it is best to call), you can also via SMS messages or the VIBER application. To make a reservation, we need at least your last name, first name, type and age of the puppy.<\/p>\n\t\t\t\t<\/div>\n\t\t\t<\/div><\/div>\t\t\t\t<\/div>\n\t\t\t\t<\/div>\n\t\t\t\t<div class=\"elementor-element elementor-element-cc21100 elementor-align--mobilecenter elementor-align-center elementor-widget elementor-widget-elementskit-button\" data-id=\"cc21100\" data-element_type=\"widget\" data-widget_type=\"elementskit-button.default\">\n\t\t\t\t<div class=\"elementor-widget-container\">\n\t\t\t\t\t<div class=\"ekit-wid-con\" >\t\t<div class=\"ekit-btn-wraper\">\n\t\t\t\t\t\t\t<a href=\"https:\/\/pasjidvor.net\/en\/lokacija\/\" class=\"elementskit-btn  whitespace--normal\" id=\"\">\n\t\t\t\t\tContact\t\t\t\t<\/a>\n\t\t\t\t\t<\/div>\n        <\/div>\t\t\t\t<\/div>\n\t\t\t\t<\/div>\n\t\t\t\t\t<\/div>\n\t\t<\/div>\n\t\t\t\t\t<\/div>\n\t\t<\/section>\n\t\t\t\t\t<\/div>\n\t\t<\/div>\n\t\t\t\t\t<\/div>\n\t\t<\/section>\n\t\t<div class=\"elementor-element elementor-element-976f6b6 e-flex e-con-boxed e-con e-parent\" data-id=\"976f6b6\" data-element_type=\"container\">\n\t\t\t\t\t<div class=\"e-con-inner\">\n\t\t\t\t\t<\/div>\n\t\t\t\t<\/div>\n\t\t\t\t<\/div>","protected":false},"excerpt":{"rendered":"<p>Cenik CENIK &#8211; \u010cI\u0160\u010cENJE PASJIH ZOB BREZ NARKOZE \u010ci\u0161\u010denje zobnega kamna pri psih z na\u0161o naravno RZ metodo izvajamo samo v na\u0161em centru. Metoda je namenjena predvsem redni preventivi ni negi in higieni pasjih zob. Na\u0161e obravnave so neveterinarske in neinvazivne, zato niso namenjene e zdravljenju ve\u010djih zobnih obolenj. Pregledi pasjih zob se pri nas&hellip; <a class=\"more-link\" href=\"https:\/\/pasjidvor.net\/en\/cenik\/\">Continue reading <span class=\"screen-reader-text\">Price list<\/span><\/a><\/p>","protected":false},"author":1,"featured_media":0,"parent":0,"menu_order":0,"comment_status":"closed","ping_status":"closed","template":"","meta":{"om_disable_all_campaigns":false,"_monsterinsights_skip_tracking":false,"_monsterinsights_sitenote_active":false,"_monsterinsights_sitenote_note":"","_monsterinsights_sitenote_category":0,"_uf_show_specific_survey":0,"_uf_disable_surveys":false,"footnotes":""},"class_list":["post-1586","page","type-page","status-publish","hentry","entry"],"aioseo_notices":[],"_links":{"self":[{"href":"https:\/\/pasjidvor.net\/en\/wp-json\/wp\/v2\/pages\/1586","targetHints":{"allow":["GET"]}}],"collection":[{"href":"https:\/\/pasjidvor.net\/en\/wp-json\/wp\/v2\/pages"}],"about":[{"href":"https:\/\/pasjidvor.net\/en\/wp-json\/wp\/v2\/types\/page"}],"author":[{"embeddable":true,"href":"https:\/\/pasjidvor.net\/en\/wp-json\/wp\/v2\/users\/1"}],"replies":[{"embeddable":true,"href":"https:\/\/pasjidvor.net\/en\/wp-json\/wp\/v2\/comments?post=1586"}],"version-history":[{"count":91,"href":"https:\/\/pasjidvor.net\/en\/wp-json\/wp\/v2\/pages\/1586\/revisions"}],"predecessor-version":[{"id":15186,"href":"https:\/\/pasjidvor.net\/en\/wp-json\/wp\/v2\/pages\/1586\/revisions\/15186"}],"wp:attachment":[{"href":"https:\/\/pasjidvor.net\/en\/wp-json\/wp\/v2\/media?parent=1586"}],"curies":[{"name":"wp","href":"https:\/\/api.w.org\/{rel}","templated":true}]}}