{"id":1538,"date":"2020-12-21T10:18:07","date_gmt":"2020-12-21T10:18:07","guid":{"rendered":"http:\/\/localhost\/wp_demo_2\/?page_id=1538"},"modified":"2024-03-16T14:42:13","modified_gmt":"2024-03-16T14:42:13","slug":"contact-us","status":"publish","type":"page","link":"https:\/\/pasjidvor.net\/en\/contact-us\/","title":{"rendered":"Contact Us"},"content":{"rendered":"<div data-elementor-type=\"wp-page\" data-elementor-id=\"1538\" class=\"elementor elementor-1538\">\n\t\t\t\t\t\t<section class=\"elementor-section elementor-top-section elementor-element elementor-element-790a276 banner_breadcrumb elementor-section-boxed elementor-section-height-default elementor-section-height-default\" data-id=\"790a276\" data-element_type=\"section\" data-settings=\"{&quot;background_background&quot;:&quot;classic&quot;}\">\n\t\t\t\t\t\t<div class=\"elementor-container elementor-column-gap-default\">\n\t\t\t\t\t<div class=\"elementor-column elementor-col-100 elementor-top-column elementor-element elementor-element-7bea1ab5\" data-id=\"7bea1ab5\" data-element_type=\"column\">\n\t\t\t<div class=\"elementor-widget-wrap elementor-element-populated\">\n\t\t\t\t\t\t<div class=\"elementor-element elementor-element-73036c8b page_title elementor-widget elementor-widget-elementskit-heading\" data-id=\"73036c8b\" data-element_type=\"widget\" data-widget_type=\"elementskit-heading.default\">\n\t\t\t\t<div class=\"elementor-widget-container\">\n\t\t\t\t\t<div class=\"ekit-wid-con\" ><div class=\"ekit-heading elementskit-section-title-wraper text_center   ekit_heading_tablet-   ekit_heading_mobile-\"><h1 class=\"ekit-heading--title elementskit-section-title\">Our location<\/h1><\/div><\/div>\t\t\t\t<\/div>\n\t\t\t\t<\/div>\n\t\t\t\t\t<\/div>\n\t\t<\/div>\n\t\t\t\t\t<\/div>\n\t\t<\/section>\n\t\t\t\t<section class=\"elementor-section elementor-top-section elementor-element elementor-element-affe271 contact_us_page elementor-section-boxed elementor-section-height-default elementor-section-height-default\" data-id=\"affe271\" data-element_type=\"section\">\n\t\t\t\t\t\t<div class=\"elementor-container elementor-column-gap-default\">\n\t\t\t\t\t<div class=\"elementor-column elementor-col-100 elementor-top-column elementor-element elementor-element-3bee1df4\" data-id=\"3bee1df4\" data-element_type=\"column\">\n\t\t\t<div class=\"elementor-widget-wrap elementor-element-populated\">\n\t\t\t\t\t\t<section class=\"elementor-section elementor-inner-section elementor-element elementor-element-6eb11025 elementor-section-boxed elementor-section-height-default elementor-section-height-default\" data-id=\"6eb11025\" data-element_type=\"section\">\n\t\t\t\t\t\t<div class=\"elementor-container elementor-column-gap-default\">\n\t\t\t\t\t<div class=\"elementor-column elementor-col-50 elementor-inner-column elementor-element elementor-element-55e3738 contact-box elementor-invisible\" data-id=\"55e3738\" data-element_type=\"column\" data-settings=\"{&quot;background_background&quot;:&quot;classic&quot;,&quot;animation&quot;:&quot;fadeInUp&quot;}\">\n\t\t\t<div class=\"elementor-widget-wrap elementor-element-populated\">\n\t\t\t\t\t\t<div class=\"elementor-element elementor-element-75f1c00c contact-box ekit-equal-height-disable elementor-widget elementor-widget-elementskit-icon-box\" data-id=\"75f1c00c\" data-element_type=\"widget\" data-widget_type=\"elementskit-icon-box.default\">\n\t\t\t\t<div class=\"elementor-widget-container\">\n\t\t\t\t\t<div class=\"ekit-wid-con\" >        <!-- link opening -->\n                <!-- end link opening -->\n\n        <div class=\"elementskit-infobox text-center text-center icon-top-align elementor-animation-\">\n                    <div class=\"elementskit-box-header elementor-animation-\">\n                <div class=\"elementskit-info-box-icon\">\n                    <svg aria-hidden=\"true\" class=\"elementkit-infobox-icon e-font-icon-svg e-fas-building\" viewbox=\"0 0 448 512\" xmlns=\"http:\/\/www.w3.org\/2000\/svg\"><path d=\"M436 480h-20V24c0-13.255-10.745-24-24-24H56C42.745 0 32 10.745 32 24v456H12c-6.627 0-12 5.373-12 12v20h448v-20c0-6.627-5.373-12-12-12zM128 76c0-6.627 5.373-12 12-12h40c6.627 0 12 5.373 12 12v40c0 6.627-5.373 12-12 12h-40c-6.627 0-12-5.373-12-12V76zm0 96c0-6.627 5.373-12 12-12h40c6.627 0 12 5.373 12 12v40c0 6.627-5.373 12-12 12h-40c-6.627 0-12-5.373-12-12v-40zm52 148h-40c-6.627 0-12-5.373-12-12v-40c0-6.627 5.373-12 12-12h40c6.627 0 12 5.373 12 12v40c0 6.627-5.373 12-12 12zm76 160h-64v-84c0-6.627 5.373-12 12-12h40c6.627 0 12 5.373 12 12v84zm64-172c0 6.627-5.373 12-12 12h-40c-6.627 0-12-5.373-12-12v-40c0-6.627 5.373-12 12-12h40c6.627 0 12 5.373 12 12v40zm0-96c0 6.627-5.373 12-12 12h-40c-6.627 0-12-5.373-12-12v-40c0-6.627 5.373-12 12-12h40c6.627 0 12 5.373 12 12v40zm0-96c0 6.627-5.373 12-12 12h-40c-6.627 0-12-5.373-12-12V76c0-6.627 5.373-12 12-12h40c6.627 0 12 5.373 12 12v40z\"><\/path><\/svg>\n                <\/div>\n          <\/div>\n                        <div class=\"box-body\">\n                            <h3 class=\"elementskit-info-box-title\">\n                    Visit us:                <\/h3>\n                        \t\t  \t<p>Center za naravno zdravje psov    \nOjstri\u0161ka vas  52,\n3304 Tabor<\/p>\n                                <\/div>\n        \n        \n                <\/div>\n        <\/div>\t\t\t\t<\/div>\n\t\t\t\t<\/div>\n\t\t\t\t\t<\/div>\n\t\t<\/div>\n\t\t\t\t<div class=\"elementor-column elementor-col-50 elementor-inner-column elementor-element elementor-element-5200ef20 contact-box elementor-invisible\" data-id=\"5200ef20\" data-element_type=\"column\" data-settings=\"{&quot;background_background&quot;:&quot;classic&quot;,&quot;animation&quot;:&quot;fadeInUp&quot;}\">\n\t\t\t<div class=\"elementor-widget-wrap elementor-element-populated\">\n\t\t\t\t\t\t<div class=\"elementor-element elementor-element-4d2d9bf5 contact-box ekit-equal-height-disable elementor-widget elementor-widget-elementskit-icon-box\" data-id=\"4d2d9bf5\" data-element_type=\"widget\" data-widget_type=\"elementskit-icon-box.default\">\n\t\t\t\t<div class=\"elementor-widget-container\">\n\t\t\t\t\t<div class=\"ekit-wid-con\" >        <!-- link opening -->\n                <!-- end link opening -->\n\n        <div class=\"elementskit-infobox text-center text-center icon-top-align elementor-animation-\">\n                    <div class=\"elementskit-box-header elementor-animation-\">\n                <div class=\"elementskit-info-box-icon\">\n                    <svg aria-hidden=\"true\" class=\"elementkit-infobox-icon e-font-icon-svg e-fas-phone-alt\" viewbox=\"0 0 512 512\" xmlns=\"http:\/\/www.w3.org\/2000\/svg\"><path d=\"M497.39 361.8l-112-48a24 24 0 0 0-28 6.9l-49.6 60.6A370.66 370.66 0 0 1 130.6 204.11l60.6-49.6a23.94 23.94 0 0 0 6.9-28l-48-112A24.16 24.16 0 0 0 122.6.61l-104 24A24 24 0 0 0 0 48c0 256.5 207.9 464 464 464a24 24 0 0 0 23.4-18.6l24-104a24.29 24.29 0 0 0-14.01-27.6z\"><\/path><\/svg>\n                <\/div>\n          <\/div>\n                        <div class=\"box-body\">\n                            <h3 class=\"elementskit-info-box-title\">\n                    Mobile phone:                <\/h3>\n                        \t\t  \t<p>+386 40 550 754<\/p>\n                                <\/div>\n        \n        \n                <\/div>\n        <\/div>\t\t\t\t<\/div>\n\t\t\t\t<\/div>\n\t\t\t\t\t<\/div>\n\t\t<\/div>\n\t\t\t\t\t<\/div>\n\t\t<\/section>\n\t\t\t\t\t<\/div>\n\t\t<\/div>\n\t\t\t\t\t<\/div>\n\t\t<\/section>\n\t\t\t\t<section class=\"elementor-section elementor-top-section elementor-element elementor-element-3391ef9f elementor-section-boxed elementor-section-height-default elementor-section-height-default\" data-id=\"3391ef9f\" data-element_type=\"section\">\n\t\t\t\t\t\t<div class=\"elementor-container elementor-column-gap-default\">\n\t\t\t\t\t<div class=\"elementor-column elementor-col-100 elementor-top-column elementor-element elementor-element-54317171\" data-id=\"54317171\" data-element_type=\"column\">\n\t\t\t<div class=\"elementor-widget-wrap elementor-element-populated\">\n\t\t\t\t\t\t<div class=\"elementor-element elementor-element-3d0742ca elementor-widget elementor-widget-spacer\" data-id=\"3d0742ca\" data-element_type=\"widget\" data-widget_type=\"spacer.default\">\n\t\t\t\t<div class=\"elementor-widget-container\">\n\t\t\t\t\t\t\t<div class=\"elementor-spacer\">\n\t\t\t<div class=\"elementor-spacer-inner\"><\/div>\n\t\t<\/div>\n\t\t\t\t\t\t<\/div>\n\t\t\t\t<\/div>\n\t\t\t\t\t<\/div>\n\t\t<\/div>\n\t\t\t\t\t<\/div>\n\t\t<\/section>\n\t\t\t\t<section class=\"elementor-section elementor-top-section elementor-element elementor-element-5ba1c12 map elementor-section-full_width elementor-section-height-default elementor-section-height-default\" data-id=\"5ba1c12\" data-element_type=\"section\">\n\t\t\t\t\t\t<div class=\"elementor-container elementor-column-gap-default\">\n\t\t\t\t\t<div class=\"elementor-column elementor-col-100 elementor-top-column elementor-element elementor-element-7d949850 elementor-invisible\" data-id=\"7d949850\" data-element_type=\"column\" data-settings=\"{&quot;animation&quot;:&quot;fadeInUp&quot;}\">\n\t\t\t<div class=\"elementor-widget-wrap elementor-element-populated\">\n\t\t\t\t\t\t<div class=\"elementor-element elementor-element-5de572a1 elementor-widget elementor-widget-google_maps\" data-id=\"5de572a1\" data-element_type=\"widget\" data-widget_type=\"google_maps.default\">\n\t\t\t\t<div class=\"elementor-widget-container\">\n\t\t\t\t\t\t\t<div class=\"elementor-custom-embed\">\n\t\t\t<iframe loading=\"lazy\"\n\t\t\t\t\tsrc=\"https:\/\/maps.google.com\/maps?q=Center%20za%20naravno%20zdravje%20psov&#038;t=m&#038;z=10&#038;output=embed&#038;iwloc=near\"\n\t\t\t\t\ttitle=\"Center for Natural Dog Health\"\n\t\t\t\t\taria-label=\"Center for Natural Dog Health\"\n\t\t\t><\/iframe>\n\t\t<\/div>\n\t\t\t\t\t\t<\/div>\n\t\t\t\t<\/div>\n\t\t\t\t\t<\/div>\n\t\t<\/div>\n\t\t\t\t\t<\/div>\n\t\t<\/section>\n\t\t\t\t<section class=\"elementor-section elementor-top-section elementor-element elementor-element-35867d65 elementor-section-boxed elementor-section-height-default elementor-section-height-default\" data-id=\"35867d65\" data-element_type=\"section\">\n\t\t\t\t\t\t<div class=\"elementor-container elementor-column-gap-default\">\n\t\t\t\t\t<div class=\"elementor-column elementor-col-100 elementor-top-column elementor-element elementor-element-4f57981d\" data-id=\"4f57981d\" data-element_type=\"column\">\n\t\t\t<div class=\"elementor-widget-wrap elementor-element-populated\">\n\t\t\t\t\t\t<div class=\"elementor-element elementor-element-1ea2dc18 elementor-widget elementor-widget-spacer\" data-id=\"1ea2dc18\" data-element_type=\"widget\" data-widget_type=\"spacer.default\">\n\t\t\t\t<div class=\"elementor-widget-container\">\n\t\t\t\t\t\t\t<div class=\"elementor-spacer\">\n\t\t\t<div class=\"elementor-spacer-inner\"><\/div>\n\t\t<\/div>\n\t\t\t\t\t\t<\/div>\n\t\t\t\t<\/div>\n\t\t\t\t\t<\/div>\n\t\t<\/div>\n\t\t\t\t\t<\/div>\n\t\t<\/section>\n\t\t\t\t<section class=\"elementor-section elementor-top-section elementor-element elementor-element-20c71a0f elementor-section-boxed elementor-section-height-default elementor-section-height-default\" data-id=\"20c71a0f\" data-element_type=\"section\">\n\t\t\t\t\t\t<div class=\"elementor-container elementor-column-gap-default\">\n\t\t\t\t\t<div class=\"elementor-column elementor-col-100 elementor-top-column elementor-element elementor-element-1b9c1a45\" data-id=\"1b9c1a45\" data-element_type=\"column\">\n\t\t\t<div class=\"elementor-widget-wrap elementor-element-populated\">\n\t\t\t\t\t\t<div class=\"elementor-element elementor-element-5f05736c elementor-invisible elementor-widget elementor-widget-text-editor\" data-id=\"5f05736c\" data-element_type=\"widget\" data-settings=\"{&quot;_animation&quot;:&quot;fadeInUp&quot;}\" data-widget_type=\"text-editor.default\">\n\t\t\t\t<div class=\"elementor-widget-container\">\n\t\t\t\t\t\t\t\t\t<p>From 2021, our center is located between LJ and CE, half an hour from Ljubljana or 20 minutes from Celje. (export Vransko or \u0160entrupert). We are 5 minutes from the highway and 1 minute from the main regional road LJ-MB.<\/p>\t\t\t\t\t\t\t\t<\/div>\n\t\t\t\t<\/div>\n\t\t\t\t<div class=\"elementor-element elementor-element-d08dc90 elementor-widget elementor-widget-image\" data-id=\"d08dc90\" data-element_type=\"widget\" data-widget_type=\"image.default\">\n\t\t\t\t<div class=\"elementor-widget-container\">\n\t\t\t\t\t\t\t\t\t\t\t\t\t\t\t<img fetchpriority=\"high\" decoding=\"async\" width=\"750\" height=\"258\" src=\"https:\/\/pasjidvor.net\/wp-content\/uploads\/2024\/03\/Vhod-v-center-Pasji-Dvor-1024x352.jpeg\" class=\"attachment-large size-large wp-image-14285\" alt=\"\" srcset=\"https:\/\/pasjidvor.net\/wp-content\/uploads\/2024\/03\/Vhod-v-center-Pasji-Dvor-1024x352.jpeg 1024w, https:\/\/pasjidvor.net\/wp-content\/uploads\/2024\/03\/Vhod-v-center-Pasji-Dvor-300x103.jpeg 300w, https:\/\/pasjidvor.net\/wp-content\/uploads\/2024\/03\/Vhod-v-center-Pasji-Dvor-768x264.jpeg 768w, https:\/\/pasjidvor.net\/wp-content\/uploads\/2024\/03\/Vhod-v-center-Pasji-Dvor.jpeg 1199w\" sizes=\"(max-width: 750px) 100vw, 750px\" style=\"width:100%;height:34.36%;max-width:1199px\" \/>\t\t\t\t\t\t\t\t\t\t\t\t\t\t\t<\/div>\n\t\t\t\t<\/div>\n\t\t\t\t<div class=\"elementor-element elementor-element-b8cfce6 elementor-widget elementor-widget-spacer\" data-id=\"b8cfce6\" data-element_type=\"widget\" data-widget_type=\"spacer.default\">\n\t\t\t\t<div class=\"elementor-widget-container\">\n\t\t\t\t\t\t\t<div class=\"elementor-spacer\">\n\t\t\t<div class=\"elementor-spacer-inner\"><\/div>\n\t\t<\/div>\n\t\t\t\t\t\t<\/div>\n\t\t\t\t<\/div>\n\t\t\t\t<div class=\"elementor-element elementor-element-42993165 elementor-invisible elementor-widget elementor-widget-heading\" data-id=\"42993165\" data-element_type=\"widget\" data-settings=\"{&quot;_animation&quot;:&quot;fadeInUp&quot;}\" data-widget_type=\"heading.default\">\n\t\t\t\t<div class=\"elementor-widget-container\">\n\t\t\t\t\t<h2 class=\"elementor-heading-title elementor-size-default\">IN OUR SURROUNDINGS THERE IS IDYLLIC NATURE, SUPERB COFFEE AND EXCELLENT FOOD.<\/h2>\t\t\t\t<\/div>\n\t\t\t\t<\/div>\n\t\t\t\t<div class=\"elementor-element elementor-element-1af06fdc elementor-widget elementor-widget-spacer\" data-id=\"1af06fdc\" data-element_type=\"widget\" data-widget_type=\"spacer.default\">\n\t\t\t\t<div class=\"elementor-widget-container\">\n\t\t\t\t\t\t\t<div class=\"elementor-spacer\">\n\t\t\t<div class=\"elementor-spacer-inner\"><\/div>\n\t\t<\/div>\n\t\t\t\t\t\t<\/div>\n\t\t\t\t<\/div>\n\t\t\t\t<div class=\"elementor-element elementor-element-f42f45a elementor-widget elementor-widget-image\" data-id=\"f42f45a\" data-element_type=\"widget\" data-widget_type=\"image.default\">\n\t\t\t\t<div class=\"elementor-widget-container\">\n\t\t\t\t\t\t\t\t\t\t\t\t\t\t\t<img decoding=\"async\" width=\"750\" height=\"445\" src=\"https:\/\/pasjidvor.net\/wp-content\/uploads\/2024\/03\/Pasji-Dvor-okolica.jpg\" class=\"attachment-large size-large wp-image-14284\" alt=\"\" srcset=\"https:\/\/pasjidvor.net\/wp-content\/uploads\/2024\/03\/Pasji-Dvor-okolica.jpg 940w, https:\/\/pasjidvor.net\/wp-content\/uploads\/2024\/03\/Pasji-Dvor-okolica-300x178.jpg 300w, https:\/\/pasjidvor.net\/wp-content\/uploads\/2024\/03\/Pasji-Dvor-okolica-768x456.jpg 768w\" sizes=\"(max-width: 750px) 100vw, 750px\" style=\"width:100%;height:59.36%;max-width:940px\" \/>\t\t\t\t\t\t\t\t\t\t\t\t\t\t\t<\/div>\n\t\t\t\t<\/div>\n\t\t\t\t<div class=\"elementor-element elementor-element-33229de1 elementor-invisible elementor-widget elementor-widget-text-editor\" data-id=\"33229de1\" data-element_type=\"widget\" data-settings=\"{&quot;_animation&quot;:&quot;fadeInUp&quot;}\" data-widget_type=\"text-editor.default\">\n\t\t\t\t<div class=\"elementor-widget-container\">\n\t\t\t\t\t\t\t\t\t<p><em>Photo: View from the surrounding hills, a 10-minute drive from us.<\/em><\/p>\t\t\t\t\t\t\t\t<\/div>\n\t\t\t\t<\/div>\n\t\t\t\t<div class=\"elementor-element elementor-element-c3b0b0b elementor-widget elementor-widget-text-editor\" data-id=\"c3b0b0b\" data-element_type=\"widget\" data-widget_type=\"text-editor.default\">\n\t\t\t\t<div class=\"elementor-widget-container\">\n\t\t\t\t\t\t\t\t\t<p>We recommend:<\/p><p>Excellent coffee, desserts and a view of our hills are available at Kavarna Lisjak from nearby Tabor, a 9-minute walk or 2-minute drive from us. <br \/><a href=\"http:\/\/www.hisa-lisjak.si\/\" target=\"_blank\" rel=\"noopener\">http:\/\/www.hisa-lisjak.si\/<\/a><\/p><p>A lot of good food and other activities are available in the well-known inn Grof in Vransko, a 5-minute drive from us.<br \/><a href=\"https:\/\/grof.eu\/sl\/grof-restaurant\" target=\"_blank\" rel=\"noopener\">https:\/\/grof.eu\/sl\/grof-restaurant<\/a><\/p><p>You can get quality burgers at TraktorFood in \u0160entrupert, a 5-minute drive from us.<br \/><a href=\"http:\/\/domacija-traktorfood.si\/\" target=\"_blank\" rel=\"noopener\">http:\/\/domacija-traktorfood.si\/<\/a><\/p><p>You can get quality burgers at TraktorFood in \u0160entrupert, a 5-minute drive from us.<br \/><a href=\"https:\/\/golobcek.si\" target=\"_blank\" rel=\"noopener\">https:\/\/golobcek.si\/<\/a><\/p><p>In Gostilna pri Mamici Na Lo\u010dica pri Vransko, there is a wide selection of quality local cuisine, a 10-minute drive from us.<br \/><a href=\"http:\/\/www.soferskamamica.si\/\" target=\"_blank\" rel=\"noopener\">http:\/\/www.soferskamamica.si\/<\/a><\/p><p>Brunarica is located in the middle of the forest by Lake Braslovka, where they have excellent seafood in a quiet and authentic nature, 12 minutes' drive from us.<br \/><a href=\"https:\/\/braslovskojezero.com\/slv\/brunarica_v_naravi\/\" target=\"_blank\" rel=\"noopener\">https:\/\/braslovskojezero.com\/slv\/brunarica_v_naravi\/<\/a><\/p>\t\t\t\t\t\t\t\t<\/div>\n\t\t\t\t<\/div>\n\t\t\t\t\t<\/div>\n\t\t<\/div>\n\t\t\t\t\t<\/div>\n\t\t<\/section>\n\t\t\t\t<\/div>","protected":false},"excerpt":{"rendered":"<p>Lokacija centra Obi\u0161\u010dite nas: Center za naravno zdravje psov Ojstri\u0161ka vas 52, 3304 Tabor Mobi: +386 40 550 754 Od leta 2021 se na\u0161 center nahaja med LJ in CE pol ure iz Ljubljane oz. 20 min iz Celja. (izvoz Vransko oz. \u0160entrupert). Smo 5 min od avtoceste in 1 min od glavne regionalne ceste&hellip; <a class=\"more-link\" href=\"https:\/\/pasjidvor.net\/en\/contact-us\/\">Continue reading <span class=\"screen-reader-text\">Contact Us<\/span><\/a><\/p>","protected":false},"author":1,"featured_media":0,"parent":0,"menu_order":0,"comment_status":"closed","ping_status":"closed","template":"elementor_header_footer","meta":{"om_disable_all_campaigns":false,"_monsterinsights_skip_tracking":false,"_monsterinsights_sitenote_active":false,"_monsterinsights_sitenote_note":"","_monsterinsights_sitenote_category":0,"_uf_show_specific_survey":0,"_uf_disable_surveys":false,"footnotes":""},"class_list":["post-1538","page","type-page","status-publish","hentry","entry"],"aioseo_notices":[],"_links":{"self":[{"href":"https:\/\/pasjidvor.net\/en\/wp-json\/wp\/v2\/pages\/1538","targetHints":{"allow":["GET"]}}],"collection":[{"href":"https:\/\/pasjidvor.net\/en\/wp-json\/wp\/v2\/pages"}],"about":[{"href":"https:\/\/pasjidvor.net\/en\/wp-json\/wp\/v2\/types\/page"}],"author":[{"embeddable":true,"href":"https:\/\/pasjidvor.net\/en\/wp-json\/wp\/v2\/users\/1"}],"replies":[{"embeddable":true,"href":"https:\/\/pasjidvor.net\/en\/wp-json\/wp\/v2\/comments?post=1538"}],"version-history":[{"count":36,"href":"https:\/\/pasjidvor.net\/en\/wp-json\/wp\/v2\/pages\/1538\/revisions"}],"predecessor-version":[{"id":14765,"href":"https:\/\/pasjidvor.net\/en\/wp-json\/wp\/v2\/pages\/1538\/revisions\/14765"}],"wp:attachment":[{"href":"https:\/\/pasjidvor.net\/en\/wp-json\/wp\/v2\/media?parent=1538"}],"curies":[{"name":"wp","href":"https:\/\/api.w.org\/{rel}","templated":true}]}}