{"id":15038,"date":"2024-09-22T23:09:27","date_gmt":"2024-09-22T23:09:27","guid":{"rendered":"https:\/\/pasjidvor.net\/?page_id=15038"},"modified":"2025-01-21T01:17:50","modified_gmt":"2025-01-21T01:17:50","slug":"bioresonanca","status":"publish","type":"page","link":"https:\/\/pasjidvor.net\/en\/bioresonanca\/","title":{"rendered":"Bioresonance"},"content":{"rendered":"<div data-elementor-type=\"wp-page\" data-elementor-id=\"15038\" class=\"elementor elementor-15038\">\n\t\t\t\t\t\t<section class=\"elementor-section elementor-top-section elementor-element elementor-element-824b317 banner_breadcrumb elementor-section-boxed elementor-section-height-default elementor-section-height-default\" data-id=\"824b317\" data-element_type=\"section\" data-settings=\"{&quot;background_background&quot;:&quot;classic&quot;}\">\n\t\t\t\t\t\t<div class=\"elementor-container elementor-column-gap-default\">\n\t\t\t\t\t<div class=\"elementor-column elementor-col-100 elementor-top-column elementor-element elementor-element-8964d5f\" data-id=\"8964d5f\" data-element_type=\"column\">\n\t\t\t<div class=\"elementor-widget-wrap elementor-element-populated\">\n\t\t\t\t\t\t<div class=\"elementor-element elementor-element-4dfecaa page_title elementor-widget elementor-widget-elementskit-heading\" data-id=\"4dfecaa\" data-element_type=\"widget\" data-widget_type=\"elementskit-heading.default\">\n\t\t\t\t<div class=\"elementor-widget-container\">\n\t\t\t\t\t<div class=\"ekit-wid-con\" ><div class=\"ekit-heading elementskit-section-title-wraper text_center   ekit_heading_tablet-   ekit_heading_mobile-\"><h1 class=\"ekit-heading--title elementskit-section-title\">Bioresonance for dogs<\/h1><\/div><\/div>\t\t\t\t<\/div>\n\t\t\t\t<\/div>\n\t\t\t\t\t<\/div>\n\t\t<\/div>\n\t\t\t\t\t<\/div>\n\t\t<\/section>\n\t\t\t\t<section class=\"elementor-section elementor-top-section elementor-element elementor-element-1d9b4b94 elementor-section-boxed elementor-section-height-default elementor-section-height-default\" data-id=\"1d9b4b94\" data-element_type=\"section\">\n\t\t\t\t\t\t<div class=\"elementor-container elementor-column-gap-default\">\n\t\t\t\t\t<div class=\"elementor-column elementor-col-100 elementor-top-column elementor-element elementor-element-15e3c4ec\" data-id=\"15e3c4ec\" data-element_type=\"column\">\n\t\t\t<div class=\"elementor-widget-wrap elementor-element-populated\">\n\t\t\t\t\t\t<div class=\"elementor-element elementor-element-5b1b8712 elementor-widget elementor-widget-spacer\" data-id=\"5b1b8712\" data-element_type=\"widget\" data-widget_type=\"spacer.default\">\n\t\t\t\t<div class=\"elementor-widget-container\">\n\t\t\t\t\t\t\t<div class=\"elementor-spacer\">\n\t\t\t<div class=\"elementor-spacer-inner\"><\/div>\n\t\t<\/div>\n\t\t\t\t\t\t<\/div>\n\t\t\t\t<\/div>\n\t\t\t\t<div class=\"elementor-element elementor-element-436b4062 elementor-invisible elementor-widget elementor-widget-heading\" data-id=\"436b4062\" data-element_type=\"widget\" data-settings=\"{&quot;_animation&quot;:&quot;fadeInUp&quot;}\" data-widget_type=\"heading.default\">\n\t\t\t\t<div class=\"elementor-widget-container\">\n\t\t\t\t\t<h2 class=\"elementor-heading-title elementor-size-default\">Odkrivanje alergij pri psih in podporne terapije<\/h2>\t\t\t\t<\/div>\n\t\t\t\t<\/div>\n\t\t\t\t<div class=\"elementor-element elementor-element-54c41518 elementor-invisible elementor-widget elementor-widget-text-editor\" data-id=\"54c41518\" data-element_type=\"widget\" data-settings=\"{&quot;_animation&quot;:&quot;fadeInUp&quot;}\" data-widget_type=\"text-editor.default\">\n\t\t\t\t<div class=\"elementor-widget-container\">\n\t\t\t\t\t\t\t\t\t<div class=\"gmail_default\"><p>Allergies in dogs are detected completely non-invasively with the help of bioresonance testing in our center. Bioresonance is an \"alternative\" natural method that very successfully detects all types of allergies, intolerances, the presence of harmful substances in the body, lack of vitamins, minerals, etc., and above all, it recognizes dangerous imbalances and weaknesses in the entire dog's organism.\u00a0\u00a0<\/p><p>With the Bicom bioresonance machine which detects electromagnetic oscillations in the body and the appropriate knowledge of the therapist, almost all problems discovered through testing can be eliminated or at least alleviated. Bioresonance enables effective supportive therapies for various medical conditions. Additional and long-term effects can be made by dog \u200b\u200bguardians themselves by following the therapist's advice. To the greatest extent, these are tips on suitable diet and habits of the dog.\u00a0<\/p><\/div><div class=\"gmail_default\">\u00a0<\/div>\t\t\t\t\t\t\t\t<\/div>\n\t\t\t\t<\/div>\n\t\t\t\t<div class=\"elementor-element elementor-element-1621275c elementor-widget elementor-widget-image\" data-id=\"1621275c\" data-element_type=\"widget\" data-widget_type=\"image.default\">\n\t\t\t\t<div class=\"elementor-widget-container\">\n\t\t\t\t\t\t\t\t\t\t\t\t\t\t\t<img fetchpriority=\"high\" decoding=\"async\" width=\"640\" height=\"480\" src=\"https:\/\/pasjidvor.net\/wp-content\/uploads\/2024\/09\/Za-med-tekst-na-novi-strani-s.jpg\" class=\"attachment-medium_large size-medium_large wp-image-15057\" alt=\"\" srcset=\"https:\/\/pasjidvor.net\/wp-content\/uploads\/2024\/09\/Za-med-tekst-na-novi-strani-s.jpg 640w, https:\/\/pasjidvor.net\/wp-content\/uploads\/2024\/09\/Za-med-tekst-na-novi-strani-s-300x225.jpg 300w, https:\/\/pasjidvor.net\/wp-content\/uploads\/2024\/09\/Za-med-tekst-na-novi-strani-s-16x12.jpg 16w\" sizes=\"(max-width: 640px) 100vw, 640px\" style=\"width:100%;height:75%;max-width:640px\" \/>\t\t\t\t\t\t\t\t\t\t\t\t\t\t\t<\/div>\n\t\t\t\t<\/div>\n\t\t\t\t<div class=\"elementor-element elementor-element-17fdf9f2 elementor-invisible elementor-widget elementor-widget-text-editor\" data-id=\"17fdf9f2\" data-element_type=\"widget\" data-settings=\"{&quot;_animation&quot;:&quot;fadeInUp&quot;}\" data-widget_type=\"text-editor.default\">\n\t\t\t\t<div class=\"elementor-widget-container\">\n\t\t\t\t\t\t\t\t\t<div class=\"gmail_default\"><p>Bioresonance helps dogs (like all living beings) to increase their ability to self-heal by restoring the energy balance of cells. Bioresonance therapy can help almost any dog \u200b\u200bin a non-invasive way without stress or risk to its health.\u00a0<\/p><p>At Pasji Dvor we treat only dogs and all types of dogs.<\/p><p>With bioresonance we treat clients individually so an appointment is required to visit our center.<\/p><p><b>PRICE LIST BIORESONANCE<\/b><\/p><p><strong>BIOTEST\u00a0\u00a0100 EUR<\/strong><\/p><p>Storitev obsega ob\u0161irno analizo organizma in imunskega sistema, alergij na hrano, na notranje in zunanje okolje, pomanjkanja vitaminov, razlago in svetovanje predvsem o tem kako lahko psu pomagate sami.<\/p><\/div>\t\t\t\t\t\t\t\t<\/div>\n\t\t\t\t<\/div>\n\t\t\t\t<div class=\"elementor-element elementor-element-526994c1 elementor-widget elementor-widget-image\" data-id=\"526994c1\" data-element_type=\"widget\" data-widget_type=\"image.default\">\n\t\t\t\t<div class=\"elementor-widget-container\">\n\t\t\t\t\t\t\t\t\t\t\t\t\t\t\t<img decoding=\"async\" width=\"750\" height=\"267\" src=\"https:\/\/pasjidvor.net\/wp-content\/uploads\/2024\/09\/Za-tekst-na-prvi-strani-s-768x273.jpg\" class=\"attachment-medium_large size-medium_large wp-image-15058\" alt=\"\" srcset=\"https:\/\/pasjidvor.net\/wp-content\/uploads\/2024\/09\/Za-tekst-na-prvi-strani-s-768x273.jpg 768w, https:\/\/pasjidvor.net\/wp-content\/uploads\/2024\/09\/Za-tekst-na-prvi-strani-s-300x107.jpg 300w, https:\/\/pasjidvor.net\/wp-content\/uploads\/2024\/09\/Za-tekst-na-prvi-strani-s-18x6.jpg 18w, https:\/\/pasjidvor.net\/wp-content\/uploads\/2024\/09\/Za-tekst-na-prvi-strani-s.jpg 854w\" sizes=\"(max-width: 750px) 100vw, 750px\" style=\"width:100%;height:35.6%;max-width:854px\" \/>\t\t\t\t\t\t\t\t\t\t\t\t\t\t\t<\/div>\n\t\t\t\t<\/div>\n\t\t\t\t<div class=\"elementor-element elementor-element-40ffbf36 elementor-widget elementor-widget-spacer\" data-id=\"40ffbf36\" data-element_type=\"widget\" data-widget_type=\"spacer.default\">\n\t\t\t\t<div class=\"elementor-widget-container\">\n\t\t\t\t\t\t\t<div class=\"elementor-spacer\">\n\t\t\t<div class=\"elementor-spacer-inner\"><\/div>\n\t\t<\/div>\n\t\t\t\t\t\t<\/div>\n\t\t\t\t<\/div>\n\t\t\t\t\t<\/div>\n\t\t<\/div>\n\t\t\t\t\t<\/div>\n\t\t<\/section>\n\t\t\t\t<section class=\"elementor-section elementor-top-section elementor-element elementor-element-5914f049 elementor-section-full_width about_bnr_contact elementor-section-height-default elementor-section-height-default elementor-invisible\" data-id=\"5914f049\" data-element_type=\"section\" data-settings=\"{&quot;animation&quot;:&quot;fadeInUp&quot;,&quot;background_background&quot;:&quot;gradient&quot;}\">\n\t\t\t\t\t\t<div class=\"elementor-container elementor-column-gap-default\">\n\t\t\t\t\t<div class=\"elementor-column elementor-col-100 elementor-top-column elementor-element elementor-element-1693d6d\" data-id=\"1693d6d\" data-element_type=\"column\">\n\t\t\t<div class=\"elementor-widget-wrap elementor-element-populated\">\n\t\t\t\t\t\t<section class=\"elementor-section elementor-inner-section elementor-element elementor-element-a4bea2c elementor-section-full_width elementor-section-height-default elementor-section-height-default\" data-id=\"a4bea2c\" data-element_type=\"section\" data-settings=\"{&quot;background_background&quot;:&quot;classic&quot;}\">\n\t\t\t\t\t\t<div class=\"elementor-container elementor-column-gap-default\">\n\t\t\t\t\t<div class=\"elementor-column elementor-col-100 elementor-inner-column elementor-element elementor-element-6ebfa2fd\" data-id=\"6ebfa2fd\" data-element_type=\"column\">\n\t\t\t<div class=\"elementor-widget-wrap elementor-element-populated\">\n\t\t\t\t\t\t<div class=\"elementor-element elementor-element-11d433f7 elementor-widget elementor-widget-elementskit-heading\" data-id=\"11d433f7\" data-element_type=\"widget\" data-widget_type=\"elementskit-heading.default\">\n\t\t\t\t<div class=\"elementor-widget-container\">\n\t\t\t\t\t<div class=\"ekit-wid-con\" ><div class=\"ekit-heading elementskit-section-title-wraper center   ekit_heading_tablet-   ekit_heading_mobile-\"><h2 class=\"ekit-heading--title elementskit-section-title\">Contact us<\/h2>\t\t\t\t<div class='ekit-heading__description'>\n\t\t\t\t\t<p>We will be glad to advise you!<\/p>\n\t\t\t\t<\/div>\n\t\t\t<\/div><\/div>\t\t\t\t<\/div>\n\t\t\t\t<\/div>\n\t\t\t\t<div class=\"elementor-element elementor-element-588c92e elementor-align--mobilecenter elementor-align-center elementor-widget elementor-widget-elementskit-button\" data-id=\"588c92e\" data-element_type=\"widget\" data-widget_type=\"elementskit-button.default\">\n\t\t\t\t<div class=\"elementor-widget-container\">\n\t\t\t\t\t<div class=\"ekit-wid-con\" >\t\t<div class=\"ekit-btn-wraper\">\n\t\t\t\t\t\t\t<a href=\"https:\/\/pasjidvor.net\/en\/contact-us\/\" class=\"elementskit-btn  whitespace--normal\" id=\"\">\n\t\t\t\t\tContact\t\t\t\t<\/a>\n\t\t\t\t\t<\/div>\n        <\/div>\t\t\t\t<\/div>\n\t\t\t\t<\/div>\n\t\t\t\t\t<\/div>\n\t\t<\/div>\n\t\t\t\t\t<\/div>\n\t\t<\/section>\n\t\t\t\t\t<\/div>\n\t\t<\/div>\n\t\t\t\t\t<\/div>\n\t\t<\/section>\n\t\t\t\t<\/div>","protected":false},"excerpt":{"rendered":"<p>Bioresonanca za pse Odkrivanje alergij pri psih in podporne terapije Alergije pri psih odkrivamo povsem neinvazivno s pomo\u010djo bioresonan\u010dnega testiranja v na\u0161em centru. Bioresonanca je \u201calternativna\u201d naravna metoda, ki zelo uspe\u0161no zaznava vse vrste alergij, intolerance, prisotnost \u0161kodljivih snovi v organizmu, pomanjkanja vitaminov, mineralov, itd., predvsem pa prepoznava nevarna neravnovesja in \u0161ibkosti v celotnem pasjem&hellip; <a class=\"more-link\" href=\"https:\/\/pasjidvor.net\/en\/bioresonanca\/\">Continue reading <span class=\"screen-reader-text\">Bioresonance<\/span><\/a><\/p>","protected":false},"author":1,"featured_media":0,"parent":0,"menu_order":0,"comment_status":"closed","ping_status":"closed","template":"elementor_header_footer","meta":{"om_disable_all_campaigns":false,"_monsterinsights_skip_tracking":false,"_monsterinsights_sitenote_active":false,"_monsterinsights_sitenote_note":"","_monsterinsights_sitenote_category":0,"_uf_show_specific_survey":0,"_uf_disable_surveys":false,"footnotes":""},"class_list":["post-15038","page","type-page","status-publish","hentry","entry"],"aioseo_notices":[],"_links":{"self":[{"href":"https:\/\/pasjidvor.net\/en\/wp-json\/wp\/v2\/pages\/15038","targetHints":{"allow":["GET"]}}],"collection":[{"href":"https:\/\/pasjidvor.net\/en\/wp-json\/wp\/v2\/pages"}],"about":[{"href":"https:\/\/pasjidvor.net\/en\/wp-json\/wp\/v2\/types\/page"}],"author":[{"embeddable":true,"href":"https:\/\/pasjidvor.net\/en\/wp-json\/wp\/v2\/users\/1"}],"replies":[{"embeddable":true,"href":"https:\/\/pasjidvor.net\/en\/wp-json\/wp\/v2\/comments?post=15038"}],"version-history":[{"count":25,"href":"https:\/\/pasjidvor.net\/en\/wp-json\/wp\/v2\/pages\/15038\/revisions"}],"predecessor-version":[{"id":15135,"href":"https:\/\/pasjidvor.net\/en\/wp-json\/wp\/v2\/pages\/15038\/revisions\/15135"}],"wp:attachment":[{"href":"https:\/\/pasjidvor.net\/en\/wp-json\/wp\/v2\/media?parent=15038"}],"curies":[{"name":"wp","href":"https:\/\/api.w.org\/{rel}","templated":true}]}}