{"id":14797,"date":"2024-03-21T19:56:47","date_gmt":"2024-03-21T19:56:47","guid":{"rendered":"https:\/\/pasjidvor.net\/?page_id=14797"},"modified":"2024-09-22T23:24:20","modified_gmt":"2024-09-22T23:24:20","slug":"lokacija","status":"publish","type":"page","link":"https:\/\/pasjidvor.net\/en\/lokacija\/","title":{"rendered":"Location"},"content":{"rendered":"<div data-elementor-type=\"wp-page\" data-elementor-id=\"14797\" class=\"elementor elementor-14797\">\n\t\t\t\t\t\t<section class=\"elementor-section elementor-top-section elementor-element elementor-element-4ad16ffd banner_breadcrumb elementor-section-boxed elementor-section-height-default elementor-section-height-default\" data-id=\"4ad16ffd\" data-element_type=\"section\" data-settings=\"{&quot;background_background&quot;:&quot;classic&quot;}\">\n\t\t\t\t\t\t<div class=\"elementor-container elementor-column-gap-default\">\n\t\t\t\t\t<div class=\"elementor-column elementor-col-100 elementor-top-column elementor-element elementor-element-5347a47c\" data-id=\"5347a47c\" data-element_type=\"column\">\n\t\t\t<div class=\"elementor-widget-wrap elementor-element-populated\">\n\t\t\t\t\t\t<div class=\"elementor-element elementor-element-f34853f page_title elementor-widget elementor-widget-elementskit-heading\" data-id=\"f34853f\" data-element_type=\"widget\" data-widget_type=\"elementskit-heading.default\">\n\t\t\t\t<div class=\"elementor-widget-container\">\n\t\t\t\t\t<div class=\"ekit-wid-con\" ><div class=\"ekit-heading elementskit-section-title-wraper text_center   ekit_heading_tablet-   ekit_heading_mobile-\"><h1 class=\"ekit-heading--title elementskit-section-title\">Our location<\/h1><\/div><\/div>\t\t\t\t<\/div>\n\t\t\t\t<\/div>\n\t\t\t\t\t<\/div>\n\t\t<\/div>\n\t\t\t\t\t<\/div>\n\t\t<\/section>\n\t\t\t\t<section class=\"elementor-section elementor-top-section elementor-element elementor-element-76020bf3 contact_us_page elementor-section-boxed elementor-section-height-default elementor-section-height-default\" data-id=\"76020bf3\" data-element_type=\"section\">\n\t\t\t\t\t\t<div class=\"elementor-container elementor-column-gap-default\">\n\t\t\t\t\t<div class=\"elementor-column elementor-col-100 elementor-top-column elementor-element elementor-element-3b0318ec\" data-id=\"3b0318ec\" data-element_type=\"column\">\n\t\t\t<div class=\"elementor-widget-wrap elementor-element-populated\">\n\t\t\t\t\t\t<section class=\"elementor-section elementor-inner-section elementor-element elementor-element-24e16d6b elementor-section-boxed elementor-section-height-default elementor-section-height-default\" data-id=\"24e16d6b\" data-element_type=\"section\">\n\t\t\t\t\t\t<div class=\"elementor-container elementor-column-gap-default\">\n\t\t\t\t\t<div class=\"elementor-column elementor-col-50 elementor-inner-column elementor-element elementor-element-3f39ed7b contact-box elementor-invisible\" data-id=\"3f39ed7b\" data-element_type=\"column\" data-settings=\"{&quot;background_background&quot;:&quot;classic&quot;,&quot;animation&quot;:&quot;fadeInUp&quot;}\">\n\t\t\t<div class=\"elementor-widget-wrap elementor-element-populated\">\n\t\t\t\t\t\t<div class=\"elementor-element elementor-element-35173613 contact-box ekit-equal-height-disable elementor-widget elementor-widget-elementskit-icon-box\" data-id=\"35173613\" data-element_type=\"widget\" data-widget_type=\"elementskit-icon-box.default\">\n\t\t\t\t<div class=\"elementor-widget-container\">\n\t\t\t\t\t<div class=\"ekit-wid-con\" >        <!-- link opening -->\n                <!-- end link opening -->\n\n        <div class=\"elementskit-infobox text-center text-center icon-top-align elementor-animation-\">\n                    <div class=\"elementskit-box-header elementor-animation-\">\n                <div class=\"elementskit-info-box-icon\">\n                    <svg aria-hidden=\"true\" class=\"elementkit-infobox-icon e-font-icon-svg e-fas-building\" viewbox=\"0 0 448 512\" xmlns=\"http:\/\/www.w3.org\/2000\/svg\"><path d=\"M436 480h-20V24c0-13.255-10.745-24-24-24H56C42.745 0 32 10.745 32 24v456H12c-6.627 0-12 5.373-12 12v20h448v-20c0-6.627-5.373-12-12-12zM128 76c0-6.627 5.373-12 12-12h40c6.627 0 12 5.373 12 12v40c0 6.627-5.373 12-12 12h-40c-6.627 0-12-5.373-12-12V76zm0 96c0-6.627 5.373-12 12-12h40c6.627 0 12 5.373 12 12v40c0 6.627-5.373 12-12 12h-40c-6.627 0-12-5.373-12-12v-40zm52 148h-40c-6.627 0-12-5.373-12-12v-40c0-6.627 5.373-12 12-12h40c6.627 0 12 5.373 12 12v40c0 6.627-5.373 12-12 12zm76 160h-64v-84c0-6.627 5.373-12 12-12h40c6.627 0 12 5.373 12 12v84zm64-172c0 6.627-5.373 12-12 12h-40c-6.627 0-12-5.373-12-12v-40c0-6.627 5.373-12 12-12h40c6.627 0 12 5.373 12 12v40zm0-96c0 6.627-5.373 12-12 12h-40c-6.627 0-12-5.373-12-12v-40c0-6.627 5.373-12 12-12h40c6.627 0 12 5.373 12 12v40zm0-96c0 6.627-5.373 12-12 12h-40c-6.627 0-12-5.373-12-12V76c0-6.627 5.373-12 12-12h40c6.627 0 12 5.373 12 12v40z\"><\/path><\/svg>\n                <\/div>\n          <\/div>\n                        <div class=\"box-body\">\n                            <h3 class=\"elementskit-info-box-title\">\n                    Visit us:                <\/h3>\n                        \t\t  \t<p>Center za naravno zdravje psov,\nOjstri\u0161ka vas  52,\n3304 Tabor<\/p>\n                                <\/div>\n        \n        \n                <\/div>\n        <\/div>\t\t\t\t<\/div>\n\t\t\t\t<\/div>\n\t\t\t\t\t<\/div>\n\t\t<\/div>\n\t\t\t\t<div class=\"elementor-column elementor-col-50 elementor-inner-column elementor-element elementor-element-16ef18cc contact-box elementor-invisible\" data-id=\"16ef18cc\" data-element_type=\"column\" data-settings=\"{&quot;background_background&quot;:&quot;classic&quot;,&quot;animation&quot;:&quot;fadeInUp&quot;}\">\n\t\t\t<div class=\"elementor-widget-wrap elementor-element-populated\">\n\t\t\t\t\t\t<div class=\"elementor-element elementor-element-23c5ab72 contact-box ekit-equal-height-disable elementor-widget elementor-widget-elementskit-icon-box\" data-id=\"23c5ab72\" data-element_type=\"widget\" data-widget_type=\"elementskit-icon-box.default\">\n\t\t\t\t<div class=\"elementor-widget-container\">\n\t\t\t\t\t<div class=\"ekit-wid-con\" >        <!-- link opening -->\n                <!-- end link opening -->\n\n        <div class=\"elementskit-infobox text-center text-center icon-top-align elementor-animation-\">\n                    <div class=\"elementskit-box-header elementor-animation-\">\n                <div class=\"elementskit-info-box-icon\">\n                    <svg aria-hidden=\"true\" class=\"elementkit-infobox-icon e-font-icon-svg e-fas-phone-alt\" viewbox=\"0 0 512 512\" xmlns=\"http:\/\/www.w3.org\/2000\/svg\"><path d=\"M497.39 361.8l-112-48a24 24 0 0 0-28 6.9l-49.6 60.6A370.66 370.66 0 0 1 130.6 204.11l60.6-49.6a23.94 23.94 0 0 0 6.9-28l-48-112A24.16 24.16 0 0 0 122.6.61l-104 24A24 24 0 0 0 0 48c0 256.5 207.9 464 464 464a24 24 0 0 0 23.4-18.6l24-104a24.29 24.29 0 0 0-14.01-27.6z\"><\/path><\/svg>\n                <\/div>\n          <\/div>\n                        <div class=\"box-body\">\n                            <h3 class=\"elementskit-info-box-title\">\n                    Mobile phone:                <\/h3>\n                        \t\t  \t<p>+386 40 550 754<\/p>\n                                <\/div>\n        \n        \n                <\/div>\n        <\/div>\t\t\t\t<\/div>\n\t\t\t\t<\/div>\n\t\t\t\t\t<\/div>\n\t\t<\/div>\n\t\t\t\t\t<\/div>\n\t\t<\/section>\n\t\t\t\t\t<\/div>\n\t\t<\/div>\n\t\t\t\t\t<\/div>\n\t\t<\/section>\n\t\t\t\t<section class=\"elementor-section elementor-top-section elementor-element elementor-element-3e1f346a elementor-section-boxed elementor-section-height-default elementor-section-height-default\" data-id=\"3e1f346a\" data-element_type=\"section\">\n\t\t\t\t\t\t<div class=\"elementor-container elementor-column-gap-default\">\n\t\t\t\t\t<div class=\"elementor-column elementor-col-100 elementor-top-column elementor-element elementor-element-2d3f6b03\" data-id=\"2d3f6b03\" data-element_type=\"column\">\n\t\t\t<div class=\"elementor-widget-wrap elementor-element-populated\">\n\t\t\t\t\t\t<div class=\"elementor-element elementor-element-3969397f elementor-widget elementor-widget-spacer\" data-id=\"3969397f\" data-element_type=\"widget\" data-widget_type=\"spacer.default\">\n\t\t\t\t<div class=\"elementor-widget-container\">\n\t\t\t\t\t\t\t<div class=\"elementor-spacer\">\n\t\t\t<div class=\"elementor-spacer-inner\"><\/div>\n\t\t<\/div>\n\t\t\t\t\t\t<\/div>\n\t\t\t\t<\/div>\n\t\t\t\t\t<\/div>\n\t\t<\/div>\n\t\t\t\t\t<\/div>\n\t\t<\/section>\n\t\t\t\t<section class=\"elementor-section elementor-top-section elementor-element elementor-element-6a17341 map elementor-section-full_width elementor-section-height-default elementor-section-height-default\" data-id=\"6a17341\" data-element_type=\"section\">\n\t\t\t\t\t\t<div class=\"elementor-container elementor-column-gap-default\">\n\t\t\t\t\t<div class=\"elementor-column elementor-col-100 elementor-top-column elementor-element elementor-element-35eed871 elementor-invisible\" data-id=\"35eed871\" data-element_type=\"column\" data-settings=\"{&quot;animation&quot;:&quot;fadeInUp&quot;}\">\n\t\t\t<div class=\"elementor-widget-wrap elementor-element-populated\">\n\t\t\t\t\t\t<div class=\"elementor-element elementor-element-386f22ff elementor-widget elementor-widget-google_maps\" data-id=\"386f22ff\" data-element_type=\"widget\" data-widget_type=\"google_maps.default\">\n\t\t\t\t<div class=\"elementor-widget-container\">\n\t\t\t\t\t\t\t<div class=\"elementor-custom-embed\">\n\t\t\t<iframe loading=\"lazy\"\n\t\t\t\t\tsrc=\"https:\/\/maps.google.com\/maps?q=Center%20za%20naravno%20zdravje%20psov&#038;t=m&#038;z=10&#038;output=embed&#038;iwloc=near\"\n\t\t\t\t\ttitle=\"Center for Natural Dog Health\"\n\t\t\t\t\taria-label=\"Center for Natural Dog Health\"\n\t\t\t><\/iframe>\n\t\t<\/div>\n\t\t\t\t\t\t<\/div>\n\t\t\t\t<\/div>\n\t\t\t\t\t<\/div>\n\t\t<\/div>\n\t\t\t\t\t<\/div>\n\t\t<\/section>\n\t\t\t\t<section class=\"elementor-section elementor-top-section elementor-element elementor-element-f217d88 elementor-section-boxed elementor-section-height-default elementor-section-height-default\" data-id=\"f217d88\" data-element_type=\"section\">\n\t\t\t\t\t\t<div class=\"elementor-container elementor-column-gap-default\">\n\t\t\t\t\t<div class=\"elementor-column elementor-col-100 elementor-top-column elementor-element elementor-element-db436d8\" data-id=\"db436d8\" data-element_type=\"column\">\n\t\t\t<div class=\"elementor-widget-wrap elementor-element-populated\">\n\t\t\t\t\t\t<div class=\"elementor-element elementor-element-237ac9 elementor-widget elementor-widget-spacer\" data-id=\"237ac9\" data-element_type=\"widget\" data-widget_type=\"spacer.default\">\n\t\t\t\t<div class=\"elementor-widget-container\">\n\t\t\t\t\t\t\t<div class=\"elementor-spacer\">\n\t\t\t<div class=\"elementor-spacer-inner\"><\/div>\n\t\t<\/div>\n\t\t\t\t\t\t<\/div>\n\t\t\t\t<\/div>\n\t\t\t\t\t<\/div>\n\t\t<\/div>\n\t\t\t\t\t<\/div>\n\t\t<\/section>\n\t\t\t\t<section class=\"elementor-section elementor-top-section elementor-element elementor-element-4ca69b4 elementor-section-boxed elementor-section-height-default elementor-section-height-default\" data-id=\"4ca69b4\" data-element_type=\"section\">\n\t\t\t\t\t\t<div class=\"elementor-container elementor-column-gap-default\">\n\t\t\t\t\t<div class=\"elementor-column elementor-col-100 elementor-top-column elementor-element elementor-element-3e3b9b9b\" data-id=\"3e3b9b9b\" data-element_type=\"column\">\n\t\t\t<div class=\"elementor-widget-wrap elementor-element-populated\">\n\t\t\t\t\t\t<div class=\"elementor-element elementor-element-386dfc15 elementor-invisible elementor-widget elementor-widget-text-editor\" data-id=\"386dfc15\" data-element_type=\"widget\" data-settings=\"{&quot;_animation&quot;:&quot;fadeInUp&quot;}\" data-widget_type=\"text-editor.default\">\n\t\t\t\t<div class=\"elementor-widget-container\">\n\t\t\t\t\t\t\t\t\t<p>From 2021, our center is located between LJ and CE, half an hour from Ljubljana or 20 minutes from Celje. (export Vransko or \u0160entrupert). We are 5 minutes from the highway and 1 minute from the main regional road LJ-MB.<\/p>\t\t\t\t\t\t\t\t<\/div>\n\t\t\t\t<\/div>\n\t\t\t\t<div class=\"elementor-element elementor-element-dc810b4 elementor-widget elementor-widget-image\" data-id=\"dc810b4\" data-element_type=\"widget\" data-widget_type=\"image.default\">\n\t\t\t\t<div class=\"elementor-widget-container\">\n\t\t\t\t\t\t\t\t\t\t\t\t\t\t\t<img fetchpriority=\"high\" decoding=\"async\" width=\"750\" height=\"258\" src=\"https:\/\/pasjidvor.net\/wp-content\/uploads\/2024\/03\/Vhod-v-center-Pasji-Dvor-1024x352.jpeg\" class=\"attachment-large size-large wp-image-14285\" alt=\"\" srcset=\"https:\/\/pasjidvor.net\/wp-content\/uploads\/2024\/03\/Vhod-v-center-Pasji-Dvor-1024x352.jpeg 1024w, https:\/\/pasjidvor.net\/wp-content\/uploads\/2024\/03\/Vhod-v-center-Pasji-Dvor-300x103.jpeg 300w, https:\/\/pasjidvor.net\/wp-content\/uploads\/2024\/03\/Vhod-v-center-Pasji-Dvor-768x264.jpeg 768w, https:\/\/pasjidvor.net\/wp-content\/uploads\/2024\/03\/Vhod-v-center-Pasji-Dvor.jpeg 1199w\" sizes=\"(max-width: 750px) 100vw, 750px\" style=\"width:100%;height:34.36%;max-width:1199px\" \/>\t\t\t\t\t\t\t\t\t\t\t\t\t\t\t<\/div>\n\t\t\t\t<\/div>\n\t\t\t\t<div class=\"elementor-element elementor-element-1210ab80 elementor-widget elementor-widget-spacer\" data-id=\"1210ab80\" data-element_type=\"widget\" data-widget_type=\"spacer.default\">\n\t\t\t\t<div class=\"elementor-widget-container\">\n\t\t\t\t\t\t\t<div class=\"elementor-spacer\">\n\t\t\t<div class=\"elementor-spacer-inner\"><\/div>\n\t\t<\/div>\n\t\t\t\t\t\t<\/div>\n\t\t\t\t<\/div>\n\t\t\t\t<div class=\"elementor-element elementor-element-4c6cc712 elementor-invisible elementor-widget elementor-widget-heading\" data-id=\"4c6cc712\" data-element_type=\"widget\" data-settings=\"{&quot;_animation&quot;:&quot;fadeInUp&quot;}\" data-widget_type=\"heading.default\">\n\t\t\t\t<div class=\"elementor-widget-container\">\n\t\t\t\t\t<h2 class=\"elementor-heading-title elementor-size-default\">IN OUR SURROUNDINGS THERE IS IDYLLIC NATURE, SUPERB COFFEE AND EXCELLENT FOOD.<\/h2>\t\t\t\t<\/div>\n\t\t\t\t<\/div>\n\t\t\t\t<div class=\"elementor-element elementor-element-4667fa37 elementor-widget elementor-widget-spacer\" data-id=\"4667fa37\" data-element_type=\"widget\" data-widget_type=\"spacer.default\">\n\t\t\t\t<div class=\"elementor-widget-container\">\n\t\t\t\t\t\t\t<div class=\"elementor-spacer\">\n\t\t\t<div class=\"elementor-spacer-inner\"><\/div>\n\t\t<\/div>\n\t\t\t\t\t\t<\/div>\n\t\t\t\t<\/div>\n\t\t\t\t<div class=\"elementor-element elementor-element-7272790a elementor-widget elementor-widget-image\" data-id=\"7272790a\" data-element_type=\"widget\" data-widget_type=\"image.default\">\n\t\t\t\t<div class=\"elementor-widget-container\">\n\t\t\t\t\t\t\t\t\t\t\t\t\t\t\t<img decoding=\"async\" width=\"750\" height=\"445\" src=\"https:\/\/pasjidvor.net\/wp-content\/uploads\/2024\/03\/Pasji-Dvor-okolica.jpg\" class=\"attachment-large size-large wp-image-14284\" alt=\"\" srcset=\"https:\/\/pasjidvor.net\/wp-content\/uploads\/2024\/03\/Pasji-Dvor-okolica.jpg 940w, https:\/\/pasjidvor.net\/wp-content\/uploads\/2024\/03\/Pasji-Dvor-okolica-300x178.jpg 300w, https:\/\/pasjidvor.net\/wp-content\/uploads\/2024\/03\/Pasji-Dvor-okolica-768x456.jpg 768w\" sizes=\"(max-width: 750px) 100vw, 750px\" style=\"width:100%;height:59.36%;max-width:940px\" \/>\t\t\t\t\t\t\t\t\t\t\t\t\t\t\t<\/div>\n\t\t\t\t<\/div>\n\t\t\t\t<div class=\"elementor-element elementor-element-7c05d099 elementor-invisible elementor-widget elementor-widget-text-editor\" data-id=\"7c05d099\" data-element_type=\"widget\" data-settings=\"{&quot;_animation&quot;:&quot;fadeInUp&quot;}\" data-widget_type=\"text-editor.default\">\n\t\t\t\t<div class=\"elementor-widget-container\">\n\t\t\t\t\t\t\t\t\t<p><em>Photo: View from the surrounding hills, a 10-minute drive from us.<\/em><\/p>\t\t\t\t\t\t\t\t<\/div>\n\t\t\t\t<\/div>\n\t\t\t\t<div class=\"elementor-element elementor-element-646bd0a6 elementor-widget elementor-widget-text-editor\" data-id=\"646bd0a6\" data-element_type=\"widget\" data-widget_type=\"text-editor.default\">\n\t\t\t\t<div class=\"elementor-widget-container\">\n\t\t\t\t\t\t\t\t\t<p>We recommend:<\/p><p>Excellent coffee, desserts and a view of our hills are available at Kavarna Lisjak from nearby Tabor, a 9-minute walk or 2-minute drive from us. <br \/><a href=\"http:\/\/www.hisa-lisjak.si\/\" target=\"_blank\" rel=\"noopener\">http:\/\/www.hisa-lisjak.si\/<\/a><\/p><p>In our very surroundings , \"Under the old haystack\" in the middle of the forest next to a pond and a stream, excellent local cuisine is available under the direction of Hi\u0161a Lisjak, a 4-minute drive from us. Advance order is required.<br \/><a href=\"https:\/\/www.hisa-lisjak.si\/lokacija\/gostilna-pod-starim-kozolcem\/\">https:\/\/www.hisa-lisjak.si\/lokacija\/gostilna-pod-starim-kozolcem\/<\/a><\/p><p>A lot of good food and other activities are available in the well-known inn Grof in Vransko, a 5-minute drive from us.<br \/><a href=\"https:\/\/grof.eu\/sl\/grof-restaurant\" target=\"_blank\" rel=\"noopener\">https:\/\/grof.eu\/sl\/grof-restaurant<\/a><\/p><p>You can get quality burgers at TraktorFood in \u0160entrupert, a 5-minute drive from us.<br \/><a href=\"https:\/\/golobcek.si\" target=\"_blank\" rel=\"noopener\">https:\/\/golobcek.si\/<\/a><\/p><p>Brunarica is located in the middle of the forest by Lake Braslovka, where they have excellent seafood in a quiet and authentic nature, 12 minutes' drive from us.<br \/><a href=\"https:\/\/braslovskojezero.com\/slv\/brunarica_v_naravi\/\" target=\"_blank\" rel=\"noopener\">https:\/\/braslovskojezero.com\/slv\/brunarica_v_naravi\/<\/a><\/p>\t\t\t\t\t\t\t\t<\/div>\n\t\t\t\t<\/div>\n\t\t\t\t\t<\/div>\n\t\t<\/div>\n\t\t\t\t\t<\/div>\n\t\t<\/section>\n\t\t\t\t<section class=\"elementor-section elementor-top-section elementor-element elementor-element-39d76526 elementor-section-boxed elementor-section-height-default elementor-section-height-default\" data-id=\"39d76526\" data-element_type=\"section\">\n\t\t\t\t\t\t<div class=\"elementor-container elementor-column-gap-default\">\n\t\t\t\t\t<div class=\"elementor-column elementor-col-100 elementor-top-column elementor-element elementor-element-1bdbc0a3\" data-id=\"1bdbc0a3\" data-element_type=\"column\">\n\t\t\t<div class=\"elementor-widget-wrap elementor-element-populated\">\n\t\t\t\t\t\t<div class=\"elementor-element elementor-element-10cbfd14 elementor-widget elementor-widget-spacer\" data-id=\"10cbfd14\" data-element_type=\"widget\" data-widget_type=\"spacer.default\">\n\t\t\t\t<div class=\"elementor-widget-container\">\n\t\t\t\t\t\t\t<div class=\"elementor-spacer\">\n\t\t\t<div class=\"elementor-spacer-inner\"><\/div>\n\t\t<\/div>\n\t\t\t\t\t\t<\/div>\n\t\t\t\t<\/div>\n\t\t\t\t\t<\/div>\n\t\t<\/div>\n\t\t\t\t\t<\/div>\n\t\t<\/section>\n\t\t\t\t<\/div>","protected":false},"excerpt":{"rendered":"<p>Lokacija centra Obi\u0161\u010dite nas: Center za naravno zdravje psov, Ojstri\u0161ka vas 52, 3304 Tabor Mobi: +386 40 550 754 Od leta 2021 se na\u0161 center nahaja med LJ in CE pol ure iz Ljubljane oz. 20 min iz Celja. (izvoz Vransko oz. \u0160entrupert). Smo 5 min od avtoceste in 1 min od glavne regionalne ceste&hellip; <a class=\"more-link\" href=\"https:\/\/pasjidvor.net\/en\/lokacija\/\">Continue reading <span class=\"screen-reader-text\">Location<\/span><\/a><\/p>","protected":false},"author":1,"featured_media":0,"parent":0,"menu_order":0,"comment_status":"closed","ping_status":"closed","template":"elementor_header_footer","meta":{"om_disable_all_campaigns":false,"_monsterinsights_skip_tracking":false,"_monsterinsights_sitenote_active":false,"_monsterinsights_sitenote_note":"","_monsterinsights_sitenote_category":0,"_uf_show_specific_survey":0,"_uf_disable_surveys":false,"footnotes":""},"class_list":["post-14797","page","type-page","status-publish","hentry","entry"],"aioseo_notices":[],"_links":{"self":[{"href":"https:\/\/pasjidvor.net\/en\/wp-json\/wp\/v2\/pages\/14797","targetHints":{"allow":["GET"]}}],"collection":[{"href":"https:\/\/pasjidvor.net\/en\/wp-json\/wp\/v2\/pages"}],"about":[{"href":"https:\/\/pasjidvor.net\/en\/wp-json\/wp\/v2\/types\/page"}],"author":[{"embeddable":true,"href":"https:\/\/pasjidvor.net\/en\/wp-json\/wp\/v2\/users\/1"}],"replies":[{"embeddable":true,"href":"https:\/\/pasjidvor.net\/en\/wp-json\/wp\/v2\/comments?post=14797"}],"version-history":[{"count":16,"href":"https:\/\/pasjidvor.net\/en\/wp-json\/wp\/v2\/pages\/14797\/revisions"}],"predecessor-version":[{"id":15049,"href":"https:\/\/pasjidvor.net\/en\/wp-json\/wp\/v2\/pages\/14797\/revisions\/15049"}],"wp:attachment":[{"href":"https:\/\/pasjidvor.net\/en\/wp-json\/wp\/v2\/media?parent=14797"}],"curies":[{"name":"wp","href":"https:\/\/api.w.org\/{rel}","templated":true}]}}